{"id":3017967,"date":"2023-05-01T09:41:46","date_gmt":"2023-05-01T09:41:46","guid":{"rendered":"https:\/\/casinohipster.com\/es\/?page_id=3017967"},"modified":"2023-05-02T13:23:56","modified_gmt":"2023-05-02T13:23:56","slug":"casinos-no-gamstop","status":"publish","type":"page","link":"https:\/\/casinohipster.com\/es\/casinos-no-gamstop\/","title":{"rendered":"Casinos No-GamStop"},"content":{"rendered":"","protected":false},"excerpt":{"rendered":"","protected":false},"author":2055,"featured_media":3018018,"parent":0,"menu_order":0,"comment_status":"closed","ping_status":"closed","template":"homeclone-without-button-template.php","meta":[],"page_category":[],"yoast_head":"<!-- This site is optimized with the Yoast SEO plugin v20.1 - https:\/\/yoast.com\/wordpress\/plugins\/seo\/ -->\n<title>Casinos no GamStop | Encontrar casinos que no est\u00e1n en GamStop<\/title>\n<meta name=\"description\" content=\"Encuentre los mejores casinos no GamStop 2026 - Inf\u00f3rmese sobre los casinos que no est\u00e1n en GamStop y c\u00f3mo encontrarlos.\" \/>\n<meta name=\"robots\" content=\"index, follow, max-snippet:-1, max-image-preview:large, max-video-preview:-1\" \/>\n<link rel=\"canonical\" href=\"https:\/\/casinohipster.com\/es\/casinos-no-gamstop\/\" \/>\n<meta property=\"og:locale\" content=\"es_ES\" \/>\n<meta property=\"og:type\" content=\"article\" \/>\n<meta property=\"og:title\" content=\"Casinos no GamStop | Encontrar casinos que no est\u00e1n en GamStop\" \/>\n<meta property=\"og:description\" content=\"Encuentre los mejores casinos no GamStop 2026 - Inf\u00f3rmese sobre los casinos que no est\u00e1n en GamStop y c\u00f3mo encontrarlos.\" \/>\n<meta property=\"og:url\" content=\"https:\/\/casinohipster.com\/es\/casinos-no-gamstop\/\" \/>\n<meta property=\"og:site_name\" content=\"Casino Hipster - Latest Casino Reviews, Bonuses &amp; News\" \/>\n<meta property=\"article:modified_time\" content=\"2023-05-02T13:23:56+00:00\" \/>\n<meta property=\"og:image\" content=\"https:\/\/casinohipster.com\/es\/wp-content\/uploads\/sites\/4\/2023\/05\/casinos-no-gamstop-featured.webp\" \/>\n\t<meta property=\"og:image:width\" content=\"1112\" \/>\n\t<meta property=\"og:image:height\" content=\"546\" \/>\n\t<meta property=\"og:image:type\" content=\"image\/webp\" \/>\n<meta name=\"twitter:card\" content=\"summary_large_image\" \/>\n<script type=\"application\/ld+json\" class=\"yoast-schema-graph\">{\"@context\":\"https:\/\/schema.org\",\"@graph\":[{\"@type\":\"WebPage\",\"@id\":\"https:\/\/casinohipster.com\/es\/casinos-no-gamstop\/\",\"url\":\"https:\/\/casinohipster.com\/es\/casinos-no-gamstop\/\",\"name\":\"Casinos no GamStop | Encontrar casinos que no est\u00e1n en GamStop\",\"isPartOf\":{\"@id\":\"https:\/\/casinohipster.com\/es\/#website\"},\"datePublished\":\"2023-05-01T09:41:46+00:00\",\"dateModified\":\"2023-05-02T13:23:56+00:00\",\"description\":\"Encuentre los mejores casinos no GamStop 2026 - Inf\u00f3rmese sobre los casinos que no est\u00e1n en GamStop y c\u00f3mo encontrarlos.\",\"breadcrumb\":{\"@id\":\"https:\/\/casinohipster.com\/es\/casinos-no-gamstop\/#breadcrumb\"},\"inLanguage\":\"es\",\"potentialAction\":[{\"@type\":\"ReadAction\",\"target\":[\"https:\/\/casinohipster.com\/es\/casinos-no-gamstop\/\"]}]},{\"@type\":\"BreadcrumbList\",\"@id\":\"https:\/\/casinohipster.com\/es\/casinos-no-gamstop\/#breadcrumb\",\"itemListElement\":[{\"@type\":\"ListItem\",\"position\":1,\"name\":\"CasinoHipster\",\"item\":\"https:\/\/casinohipster.com\/es\/\"},{\"@type\":\"ListItem\",\"position\":2,\"name\":\"Casinos No-GamStop\"}]},{\"@type\":\"WebSite\",\"@id\":\"https:\/\/casinohipster.com\/es\/#website\",\"url\":\"https:\/\/casinohipster.com\/es\/\",\"name\":\"Casino Hipster - Latest Casino Reviews, Bonuses &amp; News\",\"description\":\"\u00a1Descubre los mejores juegos de tragaperras online del %%currentyear%%% en mi sitio! Encuentra la emoci\u00f3n del juego desde la comodidad de tu casa.\",\"potentialAction\":[{\"@type\":\"SearchAction\",\"target\":{\"@type\":\"EntryPoint\",\"urlTemplate\":\"https:\/\/casinohipster.com\/es\/?s={search_term_string}\"},\"query-input\":\"required name=search_term_string\"}],\"inLanguage\":\"es\"}]}<\/script>\n<!-- \/ Yoast SEO plugin. -->","yoast_head_json":{"title":"Casinos no GamStop | Encontrar casinos que no est\u00e1n en GamStop","description":"Encuentre los mejores casinos no GamStop 2026 - Inf\u00f3rmese sobre los casinos que no est\u00e1n en GamStop y c\u00f3mo encontrarlos.","robots":{"index":"index","follow":"follow","max-snippet":"max-snippet:-1","max-image-preview":"max-image-preview:large","max-video-preview":"max-video-preview:-1"},"canonical":"https:\/\/casinohipster.com\/es\/casinos-no-gamstop\/","og_locale":"es_ES","og_type":"article","og_title":"Casinos no GamStop | Encontrar casinos que no est\u00e1n en GamStop","og_description":"Encuentre los mejores casinos no GamStop 2026 - Inf\u00f3rmese sobre los casinos que no est\u00e1n en GamStop y c\u00f3mo encontrarlos.","og_url":"https:\/\/casinohipster.com\/es\/casinos-no-gamstop\/","og_site_name":"Casino Hipster - Latest Casino Reviews, Bonuses &amp; News","article_modified_time":"2023-05-02T13:23:56+00:00","og_image":[{"width":1112,"height":546,"url":"https:\/\/casinohipster.com\/es\/wp-content\/uploads\/sites\/4\/2023\/05\/casinos-no-gamstop-featured.webp","type":"image\/webp"}],"twitter_card":"summary_large_image","schema":{"@context":"https:\/\/schema.org","@graph":[{"@type":"WebPage","@id":"https:\/\/casinohipster.com\/es\/casinos-no-gamstop\/","url":"https:\/\/casinohipster.com\/es\/casinos-no-gamstop\/","name":"Casinos no GamStop | Encontrar casinos que no est\u00e1n en GamStop","isPartOf":{"@id":"https:\/\/casinohipster.com\/es\/#website"},"datePublished":"2023-05-01T09:41:46+00:00","dateModified":"2023-05-02T13:23:56+00:00","description":"Encuentre los mejores casinos no GamStop 2026 - Inf\u00f3rmese sobre los casinos que no est\u00e1n en GamStop y c\u00f3mo encontrarlos.","breadcrumb":{"@id":"https:\/\/casinohipster.com\/es\/casinos-no-gamstop\/#breadcrumb"},"inLanguage":"es","potentialAction":[{"@type":"ReadAction","target":["https:\/\/casinohipster.com\/es\/casinos-no-gamstop\/"]}]},{"@type":"BreadcrumbList","@id":"https:\/\/casinohipster.com\/es\/casinos-no-gamstop\/#breadcrumb","itemListElement":[{"@type":"ListItem","position":1,"name":"CasinoHipster","item":"https:\/\/casinohipster.com\/es\/"},{"@type":"ListItem","position":2,"name":"Casinos No-GamStop"}]},{"@type":"WebSite","@id":"https:\/\/casinohipster.com\/es\/#website","url":"https:\/\/casinohipster.com\/es\/","name":"Casino Hipster - Latest Casino Reviews, Bonuses &amp; News","description":"\u00a1Descubre los mejores juegos de tragaperras online del %%currentyear%%% en mi sitio! Encuentra la emoci\u00f3n del juego desde la comodidad de tu casa.","potentialAction":[{"@type":"SearchAction","target":{"@type":"EntryPoint","urlTemplate":"https:\/\/casinohipster.com\/es\/?s={search_term_string}"},"query-input":"required name=search_term_string"}],"inLanguage":"es"}]}},"acf":[],"_links":{"self":[{"href":"https:\/\/casinohipster.com\/es\/wp-json\/wp\/v2\/pages\/3017967"}],"collection":[{"href":"https:\/\/casinohipster.com\/es\/wp-json\/wp\/v2\/pages"}],"about":[{"href":"https:\/\/casinohipster.com\/es\/wp-json\/wp\/v2\/types\/page"}],"author":[{"embeddable":true,"href":"https:\/\/casinohipster.com\/es\/wp-json\/wp\/v2\/users\/2055"}],"replies":[{"embeddable":true,"href":"https:\/\/casinohipster.com\/es\/wp-json\/wp\/v2\/comments?post=3017967"}],"version-history":[{"count":12,"href":"https:\/\/casinohipster.com\/es\/wp-json\/wp\/v2\/pages\/3017967\/revisions"}],"predecessor-version":[{"id":3018021,"href":"https:\/\/casinohipster.com\/es\/wp-json\/wp\/v2\/pages\/3017967\/revisions\/3018021"}],"wp:featuredmedia":[{"embeddable":true,"href":"https:\/\/casinohipster.com\/es\/wp-json\/wp\/v2\/media\/3018018"}],"wp:attachment":[{"href":"https:\/\/casinohipster.com\/es\/wp-json\/wp\/v2\/media?parent=3017967"}],"wp:term":[{"taxonomy":"page_category","embeddable":true,"href":"https:\/\/casinohipster.com\/es\/wp-json\/wp\/v2\/page_category?post=3017967"}],"curies":[{"name":"wp","href":"https:\/\/api.w.org\/{rel}","templated":true}]}}