{"id":3017939,"date":"2023-04-28T07:30:09","date_gmt":"2023-04-28T07:30:09","guid":{"rendered":"https:\/\/casinohipster.com\/es\/?page_id=3017939"},"modified":"2023-05-02T11:52:59","modified_gmt":"2023-05-02T11:52:59","slug":"casinos-sin-verificacion","status":"publish","type":"page","link":"https:\/\/casinohipster.com\/es\/casinos-sin-verificacion\/","title":{"rendered":"Casinos sin verificaci\u00f3n"},"content":{"rendered":"","protected":false},"excerpt":{"rendered":"","protected":false},"author":2055,"featured_media":3017997,"parent":0,"menu_order":0,"comment_status":"closed","ping_status":"closed","template":"homeclone-without-button-template.php","meta":[],"page_category":[],"yoast_head":"<!-- This site is optimized with the Yoast SEO plugin v20.1 - https:\/\/yoast.com\/wordpress\/plugins\/seo\/ -->\n<title>Casinos Sin Verificaci\u00f3n 2026 | Top Casinos Sin Verificaci\u00f3n<\/title>\n<meta name=\"description\" content=\"La gu\u00eda definitiva para casinos online sin verificaci\u00f3n - Aprenda todo lo que debe saber y encuentre los mejores casinos sin verificaci\u00f3n en este art\u00edculo.\" \/>\n<meta name=\"robots\" content=\"index, follow, max-snippet:-1, max-image-preview:large, max-video-preview:-1\" \/>\n<link rel=\"canonical\" href=\"https:\/\/casinohipster.com\/es\/casinos-sin-verificacion\/\" \/>\n<meta property=\"og:locale\" content=\"es_ES\" \/>\n<meta property=\"og:type\" content=\"article\" \/>\n<meta property=\"og:title\" content=\"Casinos Sin Verificaci\u00f3n 2026 | Top Casinos Sin Verificaci\u00f3n\" \/>\n<meta property=\"og:description\" content=\"La gu\u00eda definitiva para casinos online sin verificaci\u00f3n - Aprenda todo lo que debe saber y encuentre los mejores casinos sin verificaci\u00f3n en este art\u00edculo.\" \/>\n<meta property=\"og:url\" content=\"https:\/\/casinohipster.com\/es\/casinos-sin-verificacion\/\" \/>\n<meta property=\"og:site_name\" content=\"Casino Hipster - Latest Casino Reviews, Bonuses &amp; News\" \/>\n<meta property=\"article:modified_time\" content=\"2023-05-02T11:52:59+00:00\" \/>\n<meta property=\"og:image\" content=\"https:\/\/casinohipster.com\/es\/wp-content\/uploads\/sites\/4\/2023\/05\/casinos-sin-verification-featured.webp\" \/>\n\t<meta property=\"og:image:width\" content=\"1101\" \/>\n\t<meta property=\"og:image:height\" content=\"546\" \/>\n\t<meta property=\"og:image:type\" content=\"image\/webp\" \/>\n<meta name=\"twitter:card\" content=\"summary_large_image\" \/>\n<script type=\"application\/ld+json\" class=\"yoast-schema-graph\">{\"@context\":\"https:\/\/schema.org\",\"@graph\":[{\"@type\":\"WebPage\",\"@id\":\"https:\/\/casinohipster.com\/es\/casinos-sin-verificacion\/\",\"url\":\"https:\/\/casinohipster.com\/es\/casinos-sin-verificacion\/\",\"name\":\"Casinos Sin Verificaci\u00f3n 2026 | Top Casinos Sin Verificaci\u00f3n\",\"isPartOf\":{\"@id\":\"https:\/\/casinohipster.com\/es\/#website\"},\"datePublished\":\"2023-04-28T07:30:09+00:00\",\"dateModified\":\"2023-05-02T11:52:59+00:00\",\"description\":\"La gu\u00eda definitiva para casinos online sin verificaci\u00f3n - Aprenda todo lo que debe saber y encuentre los mejores casinos sin verificaci\u00f3n en este art\u00edculo.\",\"breadcrumb\":{\"@id\":\"https:\/\/casinohipster.com\/es\/casinos-sin-verificacion\/#breadcrumb\"},\"inLanguage\":\"es\",\"potentialAction\":[{\"@type\":\"ReadAction\",\"target\":[\"https:\/\/casinohipster.com\/es\/casinos-sin-verificacion\/\"]}]},{\"@type\":\"BreadcrumbList\",\"@id\":\"https:\/\/casinohipster.com\/es\/casinos-sin-verificacion\/#breadcrumb\",\"itemListElement\":[{\"@type\":\"ListItem\",\"position\":1,\"name\":\"CasinoHipster\",\"item\":\"https:\/\/casinohipster.com\/es\/\"},{\"@type\":\"ListItem\",\"position\":2,\"name\":\"Casinos sin verificaci\u00f3n\"}]},{\"@type\":\"WebSite\",\"@id\":\"https:\/\/casinohipster.com\/es\/#website\",\"url\":\"https:\/\/casinohipster.com\/es\/\",\"name\":\"Casino Hipster - Latest Casino Reviews, Bonuses &amp; News\",\"description\":\"\u00a1Descubre los mejores juegos de tragaperras online del %%currentyear%%% en mi sitio! Encuentra la emoci\u00f3n del juego desde la comodidad de tu casa.\",\"potentialAction\":[{\"@type\":\"SearchAction\",\"target\":{\"@type\":\"EntryPoint\",\"urlTemplate\":\"https:\/\/casinohipster.com\/es\/?s={search_term_string}\"},\"query-input\":\"required name=search_term_string\"}],\"inLanguage\":\"es\"}]}<\/script>\n<!-- \/ Yoast SEO plugin. -->","yoast_head_json":{"title":"Casinos Sin Verificaci\u00f3n 2026 | Top Casinos Sin Verificaci\u00f3n","description":"La gu\u00eda definitiva para casinos online sin verificaci\u00f3n - Aprenda todo lo que debe saber y encuentre los mejores casinos sin verificaci\u00f3n en este art\u00edculo.","robots":{"index":"index","follow":"follow","max-snippet":"max-snippet:-1","max-image-preview":"max-image-preview:large","max-video-preview":"max-video-preview:-1"},"canonical":"https:\/\/casinohipster.com\/es\/casinos-sin-verificacion\/","og_locale":"es_ES","og_type":"article","og_title":"Casinos Sin Verificaci\u00f3n 2026 | Top Casinos Sin Verificaci\u00f3n","og_description":"La gu\u00eda definitiva para casinos online sin verificaci\u00f3n - Aprenda todo lo que debe saber y encuentre los mejores casinos sin verificaci\u00f3n en este art\u00edculo.","og_url":"https:\/\/casinohipster.com\/es\/casinos-sin-verificacion\/","og_site_name":"Casino Hipster - Latest Casino Reviews, Bonuses &amp; News","article_modified_time":"2023-05-02T11:52:59+00:00","og_image":[{"width":1101,"height":546,"url":"https:\/\/casinohipster.com\/es\/wp-content\/uploads\/sites\/4\/2023\/05\/casinos-sin-verification-featured.webp","type":"image\/webp"}],"twitter_card":"summary_large_image","schema":{"@context":"https:\/\/schema.org","@graph":[{"@type":"WebPage","@id":"https:\/\/casinohipster.com\/es\/casinos-sin-verificacion\/","url":"https:\/\/casinohipster.com\/es\/casinos-sin-verificacion\/","name":"Casinos Sin Verificaci\u00f3n 2026 | Top Casinos Sin Verificaci\u00f3n","isPartOf":{"@id":"https:\/\/casinohipster.com\/es\/#website"},"datePublished":"2023-04-28T07:30:09+00:00","dateModified":"2023-05-02T11:52:59+00:00","description":"La gu\u00eda definitiva para casinos online sin verificaci\u00f3n - Aprenda todo lo que debe saber y encuentre los mejores casinos sin verificaci\u00f3n en este art\u00edculo.","breadcrumb":{"@id":"https:\/\/casinohipster.com\/es\/casinos-sin-verificacion\/#breadcrumb"},"inLanguage":"es","potentialAction":[{"@type":"ReadAction","target":["https:\/\/casinohipster.com\/es\/casinos-sin-verificacion\/"]}]},{"@type":"BreadcrumbList","@id":"https:\/\/casinohipster.com\/es\/casinos-sin-verificacion\/#breadcrumb","itemListElement":[{"@type":"ListItem","position":1,"name":"CasinoHipster","item":"https:\/\/casinohipster.com\/es\/"},{"@type":"ListItem","position":2,"name":"Casinos sin verificaci\u00f3n"}]},{"@type":"WebSite","@id":"https:\/\/casinohipster.com\/es\/#website","url":"https:\/\/casinohipster.com\/es\/","name":"Casino Hipster - Latest Casino Reviews, Bonuses &amp; News","description":"\u00a1Descubre los mejores juegos de tragaperras online del %%currentyear%%% en mi sitio! Encuentra la emoci\u00f3n del juego desde la comodidad de tu casa.","potentialAction":[{"@type":"SearchAction","target":{"@type":"EntryPoint","urlTemplate":"https:\/\/casinohipster.com\/es\/?s={search_term_string}"},"query-input":"required name=search_term_string"}],"inLanguage":"es"}]}},"acf":[],"_links":{"self":[{"href":"https:\/\/casinohipster.com\/es\/wp-json\/wp\/v2\/pages\/3017939"}],"collection":[{"href":"https:\/\/casinohipster.com\/es\/wp-json\/wp\/v2\/pages"}],"about":[{"href":"https:\/\/casinohipster.com\/es\/wp-json\/wp\/v2\/types\/page"}],"author":[{"embeddable":true,"href":"https:\/\/casinohipster.com\/es\/wp-json\/wp\/v2\/users\/2055"}],"replies":[{"embeddable":true,"href":"https:\/\/casinohipster.com\/es\/wp-json\/wp\/v2\/comments?post=3017939"}],"version-history":[{"count":10,"href":"https:\/\/casinohipster.com\/es\/wp-json\/wp\/v2\/pages\/3017939\/revisions"}],"predecessor-version":[{"id":3018000,"href":"https:\/\/casinohipster.com\/es\/wp-json\/wp\/v2\/pages\/3017939\/revisions\/3018000"}],"wp:featuredmedia":[{"embeddable":true,"href":"https:\/\/casinohipster.com\/es\/wp-json\/wp\/v2\/media\/3017997"}],"wp:attachment":[{"href":"https:\/\/casinohipster.com\/es\/wp-json\/wp\/v2\/media?parent=3017939"}],"wp:term":[{"taxonomy":"page_category","embeddable":true,"href":"https:\/\/casinohipster.com\/es\/wp-json\/wp\/v2\/page_category?post=3017939"}],"curies":[{"name":"wp","href":"https:\/\/api.w.org\/{rel}","templated":true}]}}