{"id":3017907,"date":"2023-04-26T14:14:03","date_gmt":"2023-04-26T14:14:03","guid":{"rendered":"https:\/\/casinohipster.com\/es\/?page_id=3017907"},"modified":"2023-04-27T11:24:44","modified_gmt":"2023-04-27T11:24:44","slug":"telegram-casinos","status":"publish","type":"page","link":"https:\/\/casinohipster.com\/es\/telegram-casinos\/","title":{"rendered":"Telegram Casinos"},"content":{"rendered":"","protected":false},"excerpt":{"rendered":"","protected":false},"author":2055,"featured_media":3017920,"parent":0,"menu_order":0,"comment_status":"closed","ping_status":"closed","template":"homeclone-without-button-template.php","meta":[],"page_category":[],"yoast_head":"<!-- This site is optimized with the Yoast SEO plugin v20.1 - https:\/\/yoast.com\/wordpress\/plugins\/seo\/ -->\n<title>Telegram Casino: Mejor juego en l\u00ednea Bot por Bot<\/title>\n<meta name=\"description\" content=\"Esta nueva e innovadora forma de jugar permite apostar online a trav\u00e9s de bots de Telegram; inf\u00f3rmate sobre el bombo y todo lo que necesitas para empezar.\" \/>\n<meta name=\"robots\" content=\"index, follow, max-snippet:-1, max-image-preview:large, max-video-preview:-1\" \/>\n<link rel=\"canonical\" href=\"https:\/\/casinohipster.com\/es\/telegram-casinos\/\" \/>\n<meta property=\"og:locale\" content=\"es_ES\" \/>\n<meta property=\"og:type\" content=\"article\" \/>\n<meta property=\"og:title\" content=\"Telegram Casino: Mejor juego en l\u00ednea Bot por Bot\" \/>\n<meta property=\"og:description\" content=\"Esta nueva e innovadora forma de jugar permite apostar online a trav\u00e9s de bots de Telegram; inf\u00f3rmate sobre el bombo y todo lo que necesitas para empezar.\" \/>\n<meta property=\"og:url\" content=\"https:\/\/casinohipster.com\/es\/telegram-casinos\/\" \/>\n<meta property=\"og:site_name\" content=\"Casino Hipster - Latest Casino Reviews, Bonuses &amp; News\" \/>\n<meta property=\"article:modified_time\" content=\"2023-04-27T11:24:44+00:00\" \/>\n<meta property=\"og:image\" content=\"https:\/\/casinohipster.com\/es\/wp-content\/uploads\/sites\/4\/2023\/04\/telegram-casinos-featured.webp\" \/>\n\t<meta property=\"og:image:width\" content=\"695\" \/>\n\t<meta property=\"og:image:height\" content=\"496\" \/>\n\t<meta property=\"og:image:type\" content=\"image\/webp\" \/>\n<meta name=\"twitter:card\" content=\"summary_large_image\" \/>\n<script type=\"application\/ld+json\" class=\"yoast-schema-graph\">{\"@context\":\"https:\/\/schema.org\",\"@graph\":[{\"@type\":\"WebPage\",\"@id\":\"https:\/\/casinohipster.com\/es\/telegram-casinos\/\",\"url\":\"https:\/\/casinohipster.com\/es\/telegram-casinos\/\",\"name\":\"Telegram Casino: Mejor juego en l\u00ednea Bot por Bot\",\"isPartOf\":{\"@id\":\"https:\/\/casinohipster.com\/es\/#website\"},\"datePublished\":\"2023-04-26T14:14:03+00:00\",\"dateModified\":\"2023-04-27T11:24:44+00:00\",\"description\":\"Esta nueva e innovadora forma de jugar permite apostar online a trav\u00e9s de bots de Telegram; inf\u00f3rmate sobre el bombo y todo lo que necesitas para empezar.\",\"breadcrumb\":{\"@id\":\"https:\/\/casinohipster.com\/es\/telegram-casinos\/#breadcrumb\"},\"inLanguage\":\"es\",\"potentialAction\":[{\"@type\":\"ReadAction\",\"target\":[\"https:\/\/casinohipster.com\/es\/telegram-casinos\/\"]}]},{\"@type\":\"BreadcrumbList\",\"@id\":\"https:\/\/casinohipster.com\/es\/telegram-casinos\/#breadcrumb\",\"itemListElement\":[{\"@type\":\"ListItem\",\"position\":1,\"name\":\"CasinoHipster\",\"item\":\"https:\/\/casinohipster.com\/es\/\"},{\"@type\":\"ListItem\",\"position\":2,\"name\":\"Telegram Casinos\"}]},{\"@type\":\"WebSite\",\"@id\":\"https:\/\/casinohipster.com\/es\/#website\",\"url\":\"https:\/\/casinohipster.com\/es\/\",\"name\":\"Casino Hipster - Latest Casino Reviews, Bonuses &amp; News\",\"description\":\"\u00a1Descubre los mejores juegos de tragaperras online del %%currentyear%%% en mi sitio! Encuentra la emoci\u00f3n del juego desde la comodidad de tu casa.\",\"potentialAction\":[{\"@type\":\"SearchAction\",\"target\":{\"@type\":\"EntryPoint\",\"urlTemplate\":\"https:\/\/casinohipster.com\/es\/?s={search_term_string}\"},\"query-input\":\"required name=search_term_string\"}],\"inLanguage\":\"es\"}]}<\/script>\n<!-- \/ Yoast SEO plugin. -->","yoast_head_json":{"title":"Telegram Casino: Mejor juego en l\u00ednea Bot por Bot","description":"Esta nueva e innovadora forma de jugar permite apostar online a trav\u00e9s de bots de Telegram; inf\u00f3rmate sobre el bombo y todo lo que necesitas para empezar.","robots":{"index":"index","follow":"follow","max-snippet":"max-snippet:-1","max-image-preview":"max-image-preview:large","max-video-preview":"max-video-preview:-1"},"canonical":"https:\/\/casinohipster.com\/es\/telegram-casinos\/","og_locale":"es_ES","og_type":"article","og_title":"Telegram Casino: Mejor juego en l\u00ednea Bot por Bot","og_description":"Esta nueva e innovadora forma de jugar permite apostar online a trav\u00e9s de bots de Telegram; inf\u00f3rmate sobre el bombo y todo lo que necesitas para empezar.","og_url":"https:\/\/casinohipster.com\/es\/telegram-casinos\/","og_site_name":"Casino Hipster - Latest Casino Reviews, Bonuses &amp; News","article_modified_time":"2023-04-27T11:24:44+00:00","og_image":[{"width":695,"height":496,"url":"https:\/\/casinohipster.com\/es\/wp-content\/uploads\/sites\/4\/2023\/04\/telegram-casinos-featured.webp","type":"image\/webp"}],"twitter_card":"summary_large_image","schema":{"@context":"https:\/\/schema.org","@graph":[{"@type":"WebPage","@id":"https:\/\/casinohipster.com\/es\/telegram-casinos\/","url":"https:\/\/casinohipster.com\/es\/telegram-casinos\/","name":"Telegram Casino: Mejor juego en l\u00ednea Bot por Bot","isPartOf":{"@id":"https:\/\/casinohipster.com\/es\/#website"},"datePublished":"2023-04-26T14:14:03+00:00","dateModified":"2023-04-27T11:24:44+00:00","description":"Esta nueva e innovadora forma de jugar permite apostar online a trav\u00e9s de bots de Telegram; inf\u00f3rmate sobre el bombo y todo lo que necesitas para empezar.","breadcrumb":{"@id":"https:\/\/casinohipster.com\/es\/telegram-casinos\/#breadcrumb"},"inLanguage":"es","potentialAction":[{"@type":"ReadAction","target":["https:\/\/casinohipster.com\/es\/telegram-casinos\/"]}]},{"@type":"BreadcrumbList","@id":"https:\/\/casinohipster.com\/es\/telegram-casinos\/#breadcrumb","itemListElement":[{"@type":"ListItem","position":1,"name":"CasinoHipster","item":"https:\/\/casinohipster.com\/es\/"},{"@type":"ListItem","position":2,"name":"Telegram Casinos"}]},{"@type":"WebSite","@id":"https:\/\/casinohipster.com\/es\/#website","url":"https:\/\/casinohipster.com\/es\/","name":"Casino Hipster - Latest Casino Reviews, Bonuses &amp; News","description":"\u00a1Descubre los mejores juegos de tragaperras online del %%currentyear%%% en mi sitio! Encuentra la emoci\u00f3n del juego desde la comodidad de tu casa.","potentialAction":[{"@type":"SearchAction","target":{"@type":"EntryPoint","urlTemplate":"https:\/\/casinohipster.com\/es\/?s={search_term_string}"},"query-input":"required name=search_term_string"}],"inLanguage":"es"}]}},"acf":[],"_links":{"self":[{"href":"https:\/\/casinohipster.com\/es\/wp-json\/wp\/v2\/pages\/3017907"}],"collection":[{"href":"https:\/\/casinohipster.com\/es\/wp-json\/wp\/v2\/pages"}],"about":[{"href":"https:\/\/casinohipster.com\/es\/wp-json\/wp\/v2\/types\/page"}],"author":[{"embeddable":true,"href":"https:\/\/casinohipster.com\/es\/wp-json\/wp\/v2\/users\/2055"}],"replies":[{"embeddable":true,"href":"https:\/\/casinohipster.com\/es\/wp-json\/wp\/v2\/comments?post=3017907"}],"version-history":[{"count":8,"href":"https:\/\/casinohipster.com\/es\/wp-json\/wp\/v2\/pages\/3017907\/revisions"}],"predecessor-version":[{"id":3017930,"href":"https:\/\/casinohipster.com\/es\/wp-json\/wp\/v2\/pages\/3017907\/revisions\/3017930"}],"wp:featuredmedia":[{"embeddable":true,"href":"https:\/\/casinohipster.com\/es\/wp-json\/wp\/v2\/media\/3017920"}],"wp:attachment":[{"href":"https:\/\/casinohipster.com\/es\/wp-json\/wp\/v2\/media?parent=3017907"}],"wp:term":[{"taxonomy":"page_category","embeddable":true,"href":"https:\/\/casinohipster.com\/es\/wp-json\/wp\/v2\/page_category?post=3017907"}],"curies":[{"name":"wp","href":"https:\/\/api.w.org\/{rel}","templated":true}]}}