{"id":3012692,"date":"2022-06-09T12:07:27","date_gmt":"2022-06-09T12:07:27","guid":{"rendered":"https:\/\/wordpress-656761-2393041.cloudwaysapps.com\/spanish\/?page_id=3012692"},"modified":"2023-05-05T12:16:25","modified_gmt":"2023-05-05T12:16:25","slug":"casinos-online","status":"publish","type":"page","link":"https:\/\/casinohipster.com\/es\/casinos-online\/","title":{"rendered":"Casinos Online"},"content":{"rendered":"","protected":false},"excerpt":{"rendered":"","protected":false},"author":2055,"featured_media":3017650,"parent":0,"menu_order":0,"comment_status":"closed","ping_status":"closed","template":"homeclone-without-button-template.php","meta":[],"page_category":[],"yoast_head":"<!-- This site is optimized with the Yoast SEO plugin v20.1 - https:\/\/yoast.com\/wordpress\/plugins\/seo\/ -->\n<title>Los Mejores Casinos Online Que Pagan con Dinero Real!<\/title>\n<meta name=\"description\" content=\"Los mejores nuevos casinos online con los premios m\u00e1s altos te esperan. As\u00ed podr\u00e1s maximizar tus ganancias de forma segura y retirar tu dinero r\u00e1pidamente de los mejores casinos online del mundo!\" \/>\n<meta name=\"robots\" content=\"index, follow, max-snippet:-1, max-image-preview:large, max-video-preview:-1\" \/>\n<link rel=\"canonical\" href=\"https:\/\/casinohipster.com\/es\/casinos-online\/\" \/>\n<meta property=\"og:locale\" content=\"es_ES\" \/>\n<meta property=\"og:type\" content=\"article\" \/>\n<meta property=\"og:title\" content=\"Los Mejores Casinos Online Que Pagan con Dinero Real!\" \/>\n<meta property=\"og:description\" content=\"Los mejores nuevos casinos online con los premios m\u00e1s altos te esperan. As\u00ed podr\u00e1s maximizar tus ganancias de forma segura y retirar tu dinero r\u00e1pidamente de los mejores casinos online del mundo!\" \/>\n<meta property=\"og:url\" content=\"https:\/\/casinohipster.com\/es\/casinos-online\/\" \/>\n<meta property=\"og:site_name\" content=\"Casino Hipster - Latest Casino Reviews, Bonuses &amp; News\" \/>\n<meta property=\"article:modified_time\" content=\"2023-05-05T12:16:25+00:00\" \/>\n<meta property=\"og:image\" content=\"https:\/\/casinohipster.com\/es\/wp-content\/uploads\/sites\/4\/2023\/02\/poker-1.png\" \/>\n\t<meta property=\"og:image:width\" content=\"2648\" \/>\n\t<meta property=\"og:image:height\" content=\"4009\" \/>\n\t<meta property=\"og:image:type\" content=\"image\/png\" \/>\n<meta name=\"twitter:card\" content=\"summary_large_image\" \/>\n<script type=\"application\/ld+json\" class=\"yoast-schema-graph\">{\"@context\":\"https:\/\/schema.org\",\"@graph\":[{\"@type\":\"WebPage\",\"@id\":\"https:\/\/casinohipster.com\/es\/casinos-online\/\",\"url\":\"https:\/\/casinohipster.com\/es\/casinos-online\/\",\"name\":\"Los Mejores Casinos Online Que Pagan con Dinero Real!\",\"isPartOf\":{\"@id\":\"https:\/\/casinohipster.com\/es\/#website\"},\"datePublished\":\"2022-06-09T12:07:27+00:00\",\"dateModified\":\"2023-05-05T12:16:25+00:00\",\"description\":\"Los mejores nuevos casinos online con los premios m\u00e1s altos te esperan. As\u00ed podr\u00e1s maximizar tus ganancias de forma segura y retirar tu dinero r\u00e1pidamente de los mejores casinos online del mundo!\",\"breadcrumb\":{\"@id\":\"https:\/\/casinohipster.com\/es\/casinos-online\/#breadcrumb\"},\"inLanguage\":\"es\",\"potentialAction\":[{\"@type\":\"ReadAction\",\"target\":[\"https:\/\/casinohipster.com\/es\/casinos-online\/\"]}]},{\"@type\":\"BreadcrumbList\",\"@id\":\"https:\/\/casinohipster.com\/es\/casinos-online\/#breadcrumb\",\"itemListElement\":[{\"@type\":\"ListItem\",\"position\":1,\"name\":\"CasinoHipster\",\"item\":\"https:\/\/casinohipster.com\/es\/\"},{\"@type\":\"ListItem\",\"position\":2,\"name\":\"Casinos Online\"}]},{\"@type\":\"WebSite\",\"@id\":\"https:\/\/casinohipster.com\/es\/#website\",\"url\":\"https:\/\/casinohipster.com\/es\/\",\"name\":\"Casino Hipster - Latest Casino Reviews, Bonuses &amp; News\",\"description\":\"\u00a1Descubre los mejores juegos de tragaperras online del %%currentyear%%% en mi sitio! Encuentra la emoci\u00f3n del juego desde la comodidad de tu casa.\",\"potentialAction\":[{\"@type\":\"SearchAction\",\"target\":{\"@type\":\"EntryPoint\",\"urlTemplate\":\"https:\/\/casinohipster.com\/es\/?s={search_term_string}\"},\"query-input\":\"required name=search_term_string\"}],\"inLanguage\":\"es\"}]}<\/script>\n<!-- \/ Yoast SEO plugin. -->","yoast_head_json":{"title":"Los Mejores Casinos Online Que Pagan con Dinero Real!","description":"Los mejores nuevos casinos online con los premios m\u00e1s altos te esperan. As\u00ed podr\u00e1s maximizar tus ganancias de forma segura y retirar tu dinero r\u00e1pidamente de los mejores casinos online del mundo!","robots":{"index":"index","follow":"follow","max-snippet":"max-snippet:-1","max-image-preview":"max-image-preview:large","max-video-preview":"max-video-preview:-1"},"canonical":"https:\/\/casinohipster.com\/es\/casinos-online\/","og_locale":"es_ES","og_type":"article","og_title":"Los Mejores Casinos Online Que Pagan con Dinero Real!","og_description":"Los mejores nuevos casinos online con los premios m\u00e1s altos te esperan. As\u00ed podr\u00e1s maximizar tus ganancias de forma segura y retirar tu dinero r\u00e1pidamente de los mejores casinos online del mundo!","og_url":"https:\/\/casinohipster.com\/es\/casinos-online\/","og_site_name":"Casino Hipster - Latest Casino Reviews, Bonuses &amp; News","article_modified_time":"2023-05-05T12:16:25+00:00","og_image":[{"width":2648,"height":4009,"url":"https:\/\/casinohipster.com\/es\/wp-content\/uploads\/sites\/4\/2023\/02\/poker-1.png","type":"image\/png"}],"twitter_card":"summary_large_image","schema":{"@context":"https:\/\/schema.org","@graph":[{"@type":"WebPage","@id":"https:\/\/casinohipster.com\/es\/casinos-online\/","url":"https:\/\/casinohipster.com\/es\/casinos-online\/","name":"Los Mejores Casinos Online Que Pagan con Dinero Real!","isPartOf":{"@id":"https:\/\/casinohipster.com\/es\/#website"},"datePublished":"2022-06-09T12:07:27+00:00","dateModified":"2023-05-05T12:16:25+00:00","description":"Los mejores nuevos casinos online con los premios m\u00e1s altos te esperan. As\u00ed podr\u00e1s maximizar tus ganancias de forma segura y retirar tu dinero r\u00e1pidamente de los mejores casinos online del mundo!","breadcrumb":{"@id":"https:\/\/casinohipster.com\/es\/casinos-online\/#breadcrumb"},"inLanguage":"es","potentialAction":[{"@type":"ReadAction","target":["https:\/\/casinohipster.com\/es\/casinos-online\/"]}]},{"@type":"BreadcrumbList","@id":"https:\/\/casinohipster.com\/es\/casinos-online\/#breadcrumb","itemListElement":[{"@type":"ListItem","position":1,"name":"CasinoHipster","item":"https:\/\/casinohipster.com\/es\/"},{"@type":"ListItem","position":2,"name":"Casinos Online"}]},{"@type":"WebSite","@id":"https:\/\/casinohipster.com\/es\/#website","url":"https:\/\/casinohipster.com\/es\/","name":"Casino Hipster - Latest Casino Reviews, Bonuses &amp; News","description":"\u00a1Descubre los mejores juegos de tragaperras online del %%currentyear%%% en mi sitio! Encuentra la emoci\u00f3n del juego desde la comodidad de tu casa.","potentialAction":[{"@type":"SearchAction","target":{"@type":"EntryPoint","urlTemplate":"https:\/\/casinohipster.com\/es\/?s={search_term_string}"},"query-input":"required name=search_term_string"}],"inLanguage":"es"}]}},"acf":[],"_links":{"self":[{"href":"https:\/\/casinohipster.com\/es\/wp-json\/wp\/v2\/pages\/3012692"}],"collection":[{"href":"https:\/\/casinohipster.com\/es\/wp-json\/wp\/v2\/pages"}],"about":[{"href":"https:\/\/casinohipster.com\/es\/wp-json\/wp\/v2\/types\/page"}],"author":[{"embeddable":true,"href":"https:\/\/casinohipster.com\/es\/wp-json\/wp\/v2\/users\/2055"}],"replies":[{"embeddable":true,"href":"https:\/\/casinohipster.com\/es\/wp-json\/wp\/v2\/comments?post=3012692"}],"version-history":[{"count":37,"href":"https:\/\/casinohipster.com\/es\/wp-json\/wp\/v2\/pages\/3012692\/revisions"}],"predecessor-version":[{"id":3018096,"href":"https:\/\/casinohipster.com\/es\/wp-json\/wp\/v2\/pages\/3012692\/revisions\/3018096"}],"wp:featuredmedia":[{"embeddable":true,"href":"https:\/\/casinohipster.com\/es\/wp-json\/wp\/v2\/media\/3017650"}],"wp:attachment":[{"href":"https:\/\/casinohipster.com\/es\/wp-json\/wp\/v2\/media?parent=3012692"}],"wp:term":[{"taxonomy":"page_category","embeddable":true,"href":"https:\/\/casinohipster.com\/es\/wp-json\/wp\/v2\/page_category?post=3012692"}],"curies":[{"name":"wp","href":"https:\/\/api.w.org\/{rel}","templated":true}]}}