{"id":3012685,"date":"2022-06-09T11:53:54","date_gmt":"2022-06-09T11:53:54","guid":{"rendered":"https:\/\/wordpress-656761-2393041.cloudwaysapps.com\/spanish\/?page_id=3012685"},"modified":"2023-06-06T14:47:15","modified_gmt":"2023-06-06T14:47:15","slug":"bonos-casino","status":"publish","type":"page","link":"https:\/\/casinohipster.com\/es\/bonos-casino\/","title":{"rendered":"Bonos Casino"},"content":{"rendered":"","protected":false},"excerpt":{"rendered":"","protected":false},"author":2055,"featured_media":3004802,"parent":0,"menu_order":0,"comment_status":"closed","ping_status":"closed","template":"homeclone-without-button-template.php","meta":[],"page_category":[],"yoast_head":"<!-- This site is optimized with the Yoast SEO plugin v20.1 - https:\/\/yoast.com\/wordpress\/plugins\/seo\/ -->\n<title>Gu\u00eda de Bonos de Casino - Maximiza tus Chances de Ganar<\/title>\n<meta name=\"description\" content=\"\u00bfEst\u00e1s buscando bonos de casino online? Ya sea que est\u00e9s interesado en los bonos por dep\u00f3sito or en los bonos sin dep\u00f3sito, encontrar\u00e1s los mejores bonos!\" \/>\n<meta name=\"robots\" content=\"index, follow, max-snippet:-1, max-image-preview:large, max-video-preview:-1\" \/>\n<link rel=\"canonical\" href=\"https:\/\/casinohipster.com\/es\/bonos-casino\/\" \/>\n<meta property=\"og:locale\" content=\"es_ES\" \/>\n<meta property=\"og:type\" content=\"article\" \/>\n<meta property=\"og:title\" content=\"Gu\u00eda de Bonos de Casino - Maximiza tus Chances de Ganar\" \/>\n<meta property=\"og:description\" content=\"\u00bfEst\u00e1s buscando bonos de casino online? Ya sea que est\u00e9s interesado en los bonos por dep\u00f3sito or en los bonos sin dep\u00f3sito, encontrar\u00e1s los mejores bonos!\" \/>\n<meta property=\"og:url\" content=\"https:\/\/casinohipster.com\/es\/bonos-casino\/\" \/>\n<meta property=\"og:site_name\" content=\"Casino Hipster - Latest Casino Reviews, Bonuses &amp; News\" \/>\n<meta property=\"article:modified_time\" content=\"2023-06-06T14:47:15+00:00\" \/>\n<meta property=\"og:image\" content=\"https:\/\/casinohipster.com\/es\/wp-content\/uploads\/sites\/4\/2022\/05\/casino-bonus-1.png\" \/>\n\t<meta property=\"og:image:width\" content=\"400\" \/>\n\t<meta property=\"og:image:height\" content=\"400\" \/>\n\t<meta property=\"og:image:type\" content=\"image\/png\" \/>\n<meta name=\"twitter:card\" content=\"summary_large_image\" \/>\n<script type=\"application\/ld+json\" class=\"yoast-schema-graph\">{\"@context\":\"https:\/\/schema.org\",\"@graph\":[{\"@type\":\"WebPage\",\"@id\":\"https:\/\/casinohipster.com\/es\/bonos-casino\/\",\"url\":\"https:\/\/casinohipster.com\/es\/bonos-casino\/\",\"name\":\"Gu\u00eda de Bonos de Casino - Maximiza tus Chances de Ganar\",\"isPartOf\":{\"@id\":\"https:\/\/casinohipster.com\/es\/#website\"},\"datePublished\":\"2022-06-09T11:53:54+00:00\",\"dateModified\":\"2023-06-06T14:47:15+00:00\",\"description\":\"\u00bfEst\u00e1s buscando bonos de casino online? Ya sea que est\u00e9s interesado en los bonos por dep\u00f3sito or en los bonos sin dep\u00f3sito, encontrar\u00e1s los mejores bonos!\",\"breadcrumb\":{\"@id\":\"https:\/\/casinohipster.com\/es\/bonos-casino\/#breadcrumb\"},\"inLanguage\":\"es\",\"potentialAction\":[{\"@type\":\"ReadAction\",\"target\":[\"https:\/\/casinohipster.com\/es\/bonos-casino\/\"]}]},{\"@type\":\"BreadcrumbList\",\"@id\":\"https:\/\/casinohipster.com\/es\/bonos-casino\/#breadcrumb\",\"itemListElement\":[{\"@type\":\"ListItem\",\"position\":1,\"name\":\"CasinoHipster\",\"item\":\"https:\/\/casinohipster.com\/es\/\"},{\"@type\":\"ListItem\",\"position\":2,\"name\":\"Bonos Casino\"}]},{\"@type\":\"WebSite\",\"@id\":\"https:\/\/casinohipster.com\/es\/#website\",\"url\":\"https:\/\/casinohipster.com\/es\/\",\"name\":\"Casino Hipster - Latest Casino Reviews, Bonuses &amp; News\",\"description\":\"\u00a1Descubre los mejores juegos de tragaperras online del %%currentyear%%% en mi sitio! Encuentra la emoci\u00f3n del juego desde la comodidad de tu casa.\",\"potentialAction\":[{\"@type\":\"SearchAction\",\"target\":{\"@type\":\"EntryPoint\",\"urlTemplate\":\"https:\/\/casinohipster.com\/es\/?s={search_term_string}\"},\"query-input\":\"required name=search_term_string\"}],\"inLanguage\":\"es\"}]}<\/script>\n<!-- \/ Yoast SEO plugin. -->","yoast_head_json":{"title":"Gu\u00eda de Bonos de Casino - Maximiza tus Chances de Ganar","description":"\u00bfEst\u00e1s buscando bonos de casino online? Ya sea que est\u00e9s interesado en los bonos por dep\u00f3sito or en los bonos sin dep\u00f3sito, encontrar\u00e1s los mejores bonos!","robots":{"index":"index","follow":"follow","max-snippet":"max-snippet:-1","max-image-preview":"max-image-preview:large","max-video-preview":"max-video-preview:-1"},"canonical":"https:\/\/casinohipster.com\/es\/bonos-casino\/","og_locale":"es_ES","og_type":"article","og_title":"Gu\u00eda de Bonos de Casino - Maximiza tus Chances de Ganar","og_description":"\u00bfEst\u00e1s buscando bonos de casino online? Ya sea que est\u00e9s interesado en los bonos por dep\u00f3sito or en los bonos sin dep\u00f3sito, encontrar\u00e1s los mejores bonos!","og_url":"https:\/\/casinohipster.com\/es\/bonos-casino\/","og_site_name":"Casino Hipster - Latest Casino Reviews, Bonuses &amp; News","article_modified_time":"2023-06-06T14:47:15+00:00","og_image":[{"width":400,"height":400,"url":"https:\/\/casinohipster.com\/es\/wp-content\/uploads\/sites\/4\/2022\/05\/casino-bonus-1.png","type":"image\/png"}],"twitter_card":"summary_large_image","schema":{"@context":"https:\/\/schema.org","@graph":[{"@type":"WebPage","@id":"https:\/\/casinohipster.com\/es\/bonos-casino\/","url":"https:\/\/casinohipster.com\/es\/bonos-casino\/","name":"Gu\u00eda de Bonos de Casino - Maximiza tus Chances de Ganar","isPartOf":{"@id":"https:\/\/casinohipster.com\/es\/#website"},"datePublished":"2022-06-09T11:53:54+00:00","dateModified":"2023-06-06T14:47:15+00:00","description":"\u00bfEst\u00e1s buscando bonos de casino online? Ya sea que est\u00e9s interesado en los bonos por dep\u00f3sito or en los bonos sin dep\u00f3sito, encontrar\u00e1s los mejores bonos!","breadcrumb":{"@id":"https:\/\/casinohipster.com\/es\/bonos-casino\/#breadcrumb"},"inLanguage":"es","potentialAction":[{"@type":"ReadAction","target":["https:\/\/casinohipster.com\/es\/bonos-casino\/"]}]},{"@type":"BreadcrumbList","@id":"https:\/\/casinohipster.com\/es\/bonos-casino\/#breadcrumb","itemListElement":[{"@type":"ListItem","position":1,"name":"CasinoHipster","item":"https:\/\/casinohipster.com\/es\/"},{"@type":"ListItem","position":2,"name":"Bonos Casino"}]},{"@type":"WebSite","@id":"https:\/\/casinohipster.com\/es\/#website","url":"https:\/\/casinohipster.com\/es\/","name":"Casino Hipster - Latest Casino Reviews, Bonuses &amp; News","description":"\u00a1Descubre los mejores juegos de tragaperras online del %%currentyear%%% en mi sitio! Encuentra la emoci\u00f3n del juego desde la comodidad de tu casa.","potentialAction":[{"@type":"SearchAction","target":{"@type":"EntryPoint","urlTemplate":"https:\/\/casinohipster.com\/es\/?s={search_term_string}"},"query-input":"required name=search_term_string"}],"inLanguage":"es"}]}},"acf":[],"_links":{"self":[{"href":"https:\/\/casinohipster.com\/es\/wp-json\/wp\/v2\/pages\/3012685"}],"collection":[{"href":"https:\/\/casinohipster.com\/es\/wp-json\/wp\/v2\/pages"}],"about":[{"href":"https:\/\/casinohipster.com\/es\/wp-json\/wp\/v2\/types\/page"}],"author":[{"embeddable":true,"href":"https:\/\/casinohipster.com\/es\/wp-json\/wp\/v2\/users\/2055"}],"replies":[{"embeddable":true,"href":"https:\/\/casinohipster.com\/es\/wp-json\/wp\/v2\/comments?post=3012685"}],"version-history":[{"count":27,"href":"https:\/\/casinohipster.com\/es\/wp-json\/wp\/v2\/pages\/3012685\/revisions"}],"predecessor-version":[{"id":3018265,"href":"https:\/\/casinohipster.com\/es\/wp-json\/wp\/v2\/pages\/3012685\/revisions\/3018265"}],"wp:featuredmedia":[{"embeddable":true,"href":"https:\/\/casinohipster.com\/es\/wp-json\/wp\/v2\/media\/3004802"}],"wp:attachment":[{"href":"https:\/\/casinohipster.com\/es\/wp-json\/wp\/v2\/media?parent=3012685"}],"wp:term":[{"taxonomy":"page_category","embeddable":true,"href":"https:\/\/casinohipster.com\/es\/wp-json\/wp\/v2\/page_category?post=3012685"}],"curies":[{"name":"wp","href":"https:\/\/api.w.org\/{rel}","templated":true}]}}