{"id":3004949,"date":"2022-05-05T09:09:48","date_gmt":"2022-05-05T09:09:48","guid":{"rendered":"https:\/\/wordpress-656761-2393041.cloudwaysapps.com\/spanish\/?page_id=3004949"},"modified":"2023-02-08T11:00:28","modified_gmt":"2023-02-08T11:00:28","slug":"politica-de-privacidad","status":"publish","type":"page","link":"https:\/\/casinohipster.com\/es\/politica-de-privacidad\/","title":{"rendered":"Pol\u00edtica de Privacidad"},"content":{"rendered":"\n<p>Hola Amigo! Bienvenido a Hipster del Casino, la gu\u00eda de casinos mas completa del mundo donde encontrar\u00e1s opiniones de casinos, juegos populares y m\u00e1s. Mi nombre es Juan Garc\u00eda, pero tu ya me conoces como el Hipster del Casino y estoy muy emocionado de tenerte aqu\u00ed. No importa si eres un apostador novato o un veterano, no temas porque tu amigo el Hipster del Casino te apoyar\u00e1 durante toda esta aventura! Tengo listas para ti las opiniones de +125 Casinos y escog\u00ed los mejores para que los pruebes, podras jugar sin importar en que parte del mundo te encuentres!<\/p>\n\n\n\n<h1>Casinos Aprobados por el Hipster del Casino<\/h1>\n\n\n\n<p>Como ya podr\u00edas haberte imaginado, amigo m\u00edo, he pasado una gran cantidad de tiempo jugando juegos de casino. De hecho, he estado en este negocio por m\u00e1s de 7 a\u00f1os, al principio era s\u00f3lo por entretenimiento, pero poco a poco me converti en un profesional. La verdad es que realizar opiniones de centenares de casinos me llevo un tiempo, sin mencionar que cuando comence la jugabilidad en tel\u00e9fonos m\u00f3viles era terriblemente inc\u00f3moda!<\/p>\n\n\n\n<p>He trabajado muy duro estos \u00faltimos a\u00f1os para traerte los mejores casinos, todos han sido probados exhaustivamente y han mantenido su calidad a lo largo del tiempo, por lo que puedo recomendarlos con los ojos cerrados! Me he asegurado de ofrecerte los casinos m\u00e1s increibles, por lo que en la siguiente lista podr\u00e1s encontrar los casinos que poseen el honor de coronarse como autoridades de confianza en la industria de los juegos:<\/p>\n\n\n\n<p>Esto significa que todos los casinos mencionados a continuaci\u00f3n estan licensiados, tienen % de probabilidad de ganancia honestos y adem\u00e1s poseen una interfaz de usuario f\u00e1cil y divertida de usar. Me concentre en poner a tu alcance los mejores atajos hacia los bonos y promociones de casino disponibles all\u00ed afuera. Pero por sobre todas las cosas, quiero que entiendas porque tomamos ciertas decisiones.<\/p>\n\n\n\n<p>Desde hace un largo tiempo, la industria de los juegos online le ha dicho a los jugadores en cuales marcas confiar. Pero yo quiero que t\u00fa seas capaz de verificar por ti mismo si puedes (o no) confiar en una marca. Todas las pistas estan all\u00ed afuera, y con la ayuda de tu amigo el Hipster del Casino, no habr\u00e1 nada que se te escape!<\/p>\n\n\n\n<p>Sin embargo, me he tomado la libertad de calificar&nbsp;<a href=\"\/es\/casinos-online\"><strong>los mejores casinos online<\/strong><\/a>&nbsp;de toda la industria, por lo que puedes confiar en estos portales de juego. En virtud de sus excelentes caracter\u00edsticas como seguridad y licensias, las marcas que mencionare aqu\u00ed son algunos de los mejores sitios en los podrias estar jugar en la actualidad!<\/p>\n\n\n\n<h2>Exclusivamente las Mejores Ofertas y Bonos de Casino<\/h2>\n\n\n\n<p>Existen gran variedad de factores que hacen posible que un casino online se convierta en un verdadero parque de diversiones. Pero ya que conozco la mente de un apostador, se de antemano que tu principal inter\u00e9s seran los bonos de casino y las promociones. Y creeme que hay mucha tela para cortar, asi que comencemos.<\/p>\n\n\n\n<p>Yo pienso que una parte importante de toda gran experiencia comienza con un bono de casino. Sin embargo, debes de asegurarte que estos bonos valgan la pena. Yo le pongo especial atenci\u00f3n a los t\u00e9rminos y condiciones de los bonos de casino, asi me aseguro de que estos sean factibles.<\/p>\n\n\n\n<p>Lo que quiero decir con esto es que, por ejemplo, un bono de \u20ac500 suena realmente tentador, pero que uno de los requisitos para reclamarlo sea que deposites 10 veces esta cantidad puede que sea un poco exagerado! Por esta raz\u00f3n, he filtrado y seleccionado los bonos que mejor se adaptan a los jugadores promedio.<\/p>\n\n\n\n<p>Los grandes apostadores son bienvenidos, ya que tambi\u00e9n los ayudar\u00e9 a\u00a0<a href=\"\/es\/bonos-casino\/\"><strong>encontrar asombrosos bonos<\/strong><\/a>, especialmente si tienes un poco de dinero extra para apostar!<\/p>\n\n\n\n<p>A\u00fan m\u00e1s importante, debo destacar que siempre busco una experiencia balanceada. Esta debe de brindar una buena cantidad de entretenimiento en forma de juegos, algunas promociones diarias y un buena probabilidad de generar ganancias, todo esto siendo mostrado y verificable en la p\u00e1gina principal del casino.<\/p>\n\n\n\n<h2>Tiradas Gratis<\/h2>\n\n\n\n<p>Ninguna experiencia en casinos esta realmente completa sin una buena cantidad de tiradas gratis para ayudarte ponerle unos ceros extra a tus fondos bancarios! Pues estas de suerte, el Hipster del Casino esta aqu\u00ed para ayudarte a&nbsp;<a href=\"\/es\/casino-gratis\"><strong>localizar los mejores cr\u00e9ditos gratis en todo la industria de de los casinos online<\/strong><\/a>. He tenido el placer de registrarme en docenas de casinos para disfrutar sus ofertas y creditos gratis, y para ser honestos: NO parece haber NINGUNA DESVENTAJA en aceptar estos giros gratis.<\/p>\n\n\n\n<p>He&nbsp;<a href=\"\/es\/giros-gratis\"><strong>investigado en profundidad este tema<\/strong><\/a>. Sin embargo, si sigues mis consejos y tomas las tiradas gratis que te recomiendo, tendr\u00e1s muchos m\u00e1s cr\u00e9ditos para jugar y un pu\u00f1ado de dinero para gastar luego de que hayas retirado tus ganancias. Y adem\u00e1s, existen muchas promociones diarias que te dar\u00e1n la oportunidad de convertir esos giros gratis en dinero real!<\/p>\n\n\n\n<h2>Tu Gu\u00eda Personal de los Mejores Casinos: Seguridad y Protecci\u00f3n<\/h2>\n\n\n\n<p>Una necesidad primordial mietras juegas en casinos online es tu seguridad. Ya sea que quieras proteger tus datos bancarios o de identidad, o incluso ambos (lo cual te recomiendo), siempre querr\u00e1s tener la libertad de navegar tranquilo y sin preocupaciones.<\/p>\n\n\n\n<p>Pero no te preocupes, el Hipster del Casino esta aqu\u00ed para hacer el trabajo sucio por ti. Disfruto mucho al explorar nuevos sitios web y comparar las opiniones de los usuarios con mi experiencia personal, para decirte con seguridad en cuales casinos puedes confiar. Debes saber que me tomo la seguridad muy en serio, por eso me aseguro de ejecutar pruebas antes de recomendarte cualquier casino. Entiendo que si estas leyendo mis opiniones, confiar\u00e1s en mis habilidades para guiarte hacia los mejore casinos online que brindan fant\u00e1sticos servicios, pero que sobre todo son un ambiente seguro para que disfrutes jugando.<\/p>\n\n\n\n<p>Dejando a un lado todo este apartado t\u00e9cnico, existen otros factores a considerar antes de calificar a un casino online como \u00abSeguro\u00bb, entre ellas, debe contar con una correcta encriptaci\u00f3n SSL, que puedes verificar si observas un emblema verde a la izquierda de la direcci\u00f3n URL del sitio web.<\/p>\n\n\n\n<p>Verificar la seguridad de un sitio web suele llevar m\u00e1s tiempo, pero el Hipster del Casino es un hombre paciente, y ademas disfruto del proceso de investigaci\u00f3n. La Autoridad de Juegos del pais de Malta (MGA) y la Comisi\u00f3n de Apuestas de Reino Unido (UKGC), son los cuerpos de licensias m\u00e1s respetados, pero existen otras como Spelinspektionen y otras plataformas de regulaci\u00f3n nacional.<\/p>\n\n\n\n<h2>Lista de Juegos que Valen la Pena Jugar<\/h2>\n\n\n\n<p class=\"has-text-align-left\">Soy un gran fan\u00e1tico de las tragamonedas online, ya sean tragamonedas virtuales, cl\u00e1sicas, o en 3D. La verdad es que simplemente me encantan este tipo de juegos m\u00e1s que el resto, a pesar que reconozco que los juegos de mesa y los que involucran a repartidores de cartas en vivo tienen sus ventajas en lo que a margenes de ganancia se refiere.<\/p>\n\n\n\n<p>Como dice el refr\u00e1n, sobre gustos y colores no han escrito los autores, por esto mi favoritismo peprsonal no evita que te recomiende otros tipos de juegos, por eso mis recomendaciones siempre tratan de ofrecerte un perfecto balance entre todas las categorias de juegos disponibles, con la esperanza de brindar el m\u00e1s amplio cat\u00e1logo de casinos que se adapta a los gustos de todos los jugadores y que permita llevar a cabo plenamente nuestro objetivo: divertirnos mientras ganamos unos billetes extra!<\/p>\n\n\n\n<h2>Disfruta de las Elecciones de tu amigo El Hipster del Casino<\/h2>\n\n\n\n<p>En conclusi\u00f3n, todos hemos venido au\u00ed para pasar un buen rato, Asi que si estas interesado en encontrar los mejores casinos online y entender que hace especial a los casinos m\u00e1s exclusivos, has llegado al lugar indicado. Toma asiento mientras te guio por este recorrido a traves de los mejores casinos. Te aseguro que disfrutaras mucho de las recomendaciones que he preparado para ti!<\/p>\n","protected":false},"excerpt":{"rendered":"<p>Hola Amigo! Bienvenido a Hipster del Casino, la gu\u00eda de casinos mas completa del mundo donde encontrar\u00e1s opiniones de casinos, juegos populares y m\u00e1s. Mi nombre es Juan Garc\u00eda, pero tu ya me conoces como el Hipster del Casino y estoy muy emocionado de tenerte aqu\u00ed. No importa si eres un apostador novato o un [&hellip;]<\/p>\n","protected":false},"author":2055,"featured_media":0,"parent":0,"menu_order":0,"comment_status":"closed","ping_status":"closed","template":"","meta":[],"page_category":[],"yoast_head":"<!-- This site is optimized with the Yoast SEO plugin v20.1 - https:\/\/yoast.com\/wordpress\/plugins\/seo\/ -->\n<title>Pol\u00edtica de Privacidad - Casino Hipster - Latest Casino Reviews, Bonuses &amp; News<\/title>\n<meta name=\"robots\" content=\"index, follow, max-snippet:-1, max-image-preview:large, max-video-preview:-1\" \/>\n<link rel=\"canonical\" href=\"https:\/\/casinohipster.com\/es\/politica-de-privacidad\/\" \/>\n<meta property=\"og:locale\" content=\"es_ES\" \/>\n<meta property=\"og:type\" content=\"article\" \/>\n<meta property=\"og:title\" content=\"Pol\u00edtica de Privacidad - Casino Hipster - Latest Casino Reviews, Bonuses &amp; News\" \/>\n<meta property=\"og:description\" content=\"Hola Amigo! Bienvenido a Hipster del Casino, la gu\u00eda de casinos mas completa del mundo donde encontrar\u00e1s opiniones de casinos, juegos populares y m\u00e1s. Mi nombre es Juan Garc\u00eda, pero tu ya me conoces como el Hipster del Casino y estoy muy emocionado de tenerte aqu\u00ed. No importa si eres un apostador novato o un [&hellip;]\" \/>\n<meta property=\"og:url\" content=\"https:\/\/casinohipster.com\/es\/politica-de-privacidad\/\" \/>\n<meta property=\"og:site_name\" content=\"Casino Hipster - Latest Casino Reviews, Bonuses &amp; News\" \/>\n<meta property=\"article:modified_time\" content=\"2023-02-08T11:00:28+00:00\" \/>\n<meta name=\"twitter:card\" content=\"summary_large_image\" \/>\n<meta name=\"twitter:label1\" content=\"Tiempo de lectura\" \/>\n\t<meta name=\"twitter:data1\" content=\"6 minutos\" \/>\n<script type=\"application\/ld+json\" class=\"yoast-schema-graph\">{\"@context\":\"https:\/\/schema.org\",\"@graph\":[{\"@type\":\"WebPage\",\"@id\":\"https:\/\/casinohipster.com\/es\/politica-de-privacidad\/\",\"url\":\"https:\/\/casinohipster.com\/es\/politica-de-privacidad\/\",\"name\":\"Pol\u00edtica de Privacidad - Casino Hipster - Latest Casino Reviews, Bonuses &amp; News\",\"isPartOf\":{\"@id\":\"https:\/\/casinohipster.com\/es\/#website\"},\"datePublished\":\"2022-05-05T09:09:48+00:00\",\"dateModified\":\"2023-02-08T11:00:28+00:00\",\"breadcrumb\":{\"@id\":\"https:\/\/casinohipster.com\/es\/politica-de-privacidad\/#breadcrumb\"},\"inLanguage\":\"es\",\"potentialAction\":[{\"@type\":\"ReadAction\",\"target\":[\"https:\/\/casinohipster.com\/es\/politica-de-privacidad\/\"]}]},{\"@type\":\"BreadcrumbList\",\"@id\":\"https:\/\/casinohipster.com\/es\/politica-de-privacidad\/#breadcrumb\",\"itemListElement\":[{\"@type\":\"ListItem\",\"position\":1,\"name\":\"CasinoHipster\",\"item\":\"https:\/\/casinohipster.com\/es\/\"},{\"@type\":\"ListItem\",\"position\":2,\"name\":\"Pol\u00edtica de Privacidad\"}]},{\"@type\":\"WebSite\",\"@id\":\"https:\/\/casinohipster.com\/es\/#website\",\"url\":\"https:\/\/casinohipster.com\/es\/\",\"name\":\"Casino Hipster - Latest Casino Reviews, Bonuses &amp; News\",\"description\":\"\u00a1Descubre los mejores juegos de tragaperras online del %%currentyear%%% en mi sitio! Encuentra la emoci\u00f3n del juego desde la comodidad de tu casa.\",\"potentialAction\":[{\"@type\":\"SearchAction\",\"target\":{\"@type\":\"EntryPoint\",\"urlTemplate\":\"https:\/\/casinohipster.com\/es\/?s={search_term_string}\"},\"query-input\":\"required name=search_term_string\"}],\"inLanguage\":\"es\"}]}<\/script>\n<!-- \/ Yoast SEO plugin. -->","yoast_head_json":{"title":"Pol\u00edtica de Privacidad - Casino Hipster - Latest Casino Reviews, Bonuses &amp; News","robots":{"index":"index","follow":"follow","max-snippet":"max-snippet:-1","max-image-preview":"max-image-preview:large","max-video-preview":"max-video-preview:-1"},"canonical":"https:\/\/casinohipster.com\/es\/politica-de-privacidad\/","og_locale":"es_ES","og_type":"article","og_title":"Pol\u00edtica de Privacidad - Casino Hipster - Latest Casino Reviews, Bonuses &amp; News","og_description":"Hola Amigo! Bienvenido a Hipster del Casino, la gu\u00eda de casinos mas completa del mundo donde encontrar\u00e1s opiniones de casinos, juegos populares y m\u00e1s. Mi nombre es Juan Garc\u00eda, pero tu ya me conoces como el Hipster del Casino y estoy muy emocionado de tenerte aqu\u00ed. No importa si eres un apostador novato o un [&hellip;]","og_url":"https:\/\/casinohipster.com\/es\/politica-de-privacidad\/","og_site_name":"Casino Hipster - Latest Casino Reviews, Bonuses &amp; News","article_modified_time":"2023-02-08T11:00:28+00:00","twitter_card":"summary_large_image","twitter_misc":{"Tiempo de lectura":"6 minutos"},"schema":{"@context":"https:\/\/schema.org","@graph":[{"@type":"WebPage","@id":"https:\/\/casinohipster.com\/es\/politica-de-privacidad\/","url":"https:\/\/casinohipster.com\/es\/politica-de-privacidad\/","name":"Pol\u00edtica de Privacidad - Casino Hipster - Latest Casino Reviews, Bonuses &amp; News","isPartOf":{"@id":"https:\/\/casinohipster.com\/es\/#website"},"datePublished":"2022-05-05T09:09:48+00:00","dateModified":"2023-02-08T11:00:28+00:00","breadcrumb":{"@id":"https:\/\/casinohipster.com\/es\/politica-de-privacidad\/#breadcrumb"},"inLanguage":"es","potentialAction":[{"@type":"ReadAction","target":["https:\/\/casinohipster.com\/es\/politica-de-privacidad\/"]}]},{"@type":"BreadcrumbList","@id":"https:\/\/casinohipster.com\/es\/politica-de-privacidad\/#breadcrumb","itemListElement":[{"@type":"ListItem","position":1,"name":"CasinoHipster","item":"https:\/\/casinohipster.com\/es\/"},{"@type":"ListItem","position":2,"name":"Pol\u00edtica de Privacidad"}]},{"@type":"WebSite","@id":"https:\/\/casinohipster.com\/es\/#website","url":"https:\/\/casinohipster.com\/es\/","name":"Casino Hipster - Latest Casino Reviews, Bonuses &amp; News","description":"\u00a1Descubre los mejores juegos de tragaperras online del %%currentyear%%% en mi sitio! Encuentra la emoci\u00f3n del juego desde la comodidad de tu casa.","potentialAction":[{"@type":"SearchAction","target":{"@type":"EntryPoint","urlTemplate":"https:\/\/casinohipster.com\/es\/?s={search_term_string}"},"query-input":"required name=search_term_string"}],"inLanguage":"es"}]}},"acf":[],"_links":{"self":[{"href":"https:\/\/casinohipster.com\/es\/wp-json\/wp\/v2\/pages\/3004949"}],"collection":[{"href":"https:\/\/casinohipster.com\/es\/wp-json\/wp\/v2\/pages"}],"about":[{"href":"https:\/\/casinohipster.com\/es\/wp-json\/wp\/v2\/types\/page"}],"author":[{"embeddable":true,"href":"https:\/\/casinohipster.com\/es\/wp-json\/wp\/v2\/users\/2055"}],"replies":[{"embeddable":true,"href":"https:\/\/casinohipster.com\/es\/wp-json\/wp\/v2\/comments?post=3004949"}],"version-history":[{"count":8,"href":"https:\/\/casinohipster.com\/es\/wp-json\/wp\/v2\/pages\/3004949\/revisions"}],"predecessor-version":[{"id":3017633,"href":"https:\/\/casinohipster.com\/es\/wp-json\/wp\/v2\/pages\/3004949\/revisions\/3017633"}],"wp:attachment":[{"href":"https:\/\/casinohipster.com\/es\/wp-json\/wp\/v2\/media?parent=3004949"}],"wp:term":[{"taxonomy":"page_category","embeddable":true,"href":"https:\/\/casinohipster.com\/es\/wp-json\/wp\/v2\/page_category?post=3004949"}],"curies":[{"name":"wp","href":"https:\/\/api.w.org\/{rel}","templated":true}]}}