{"id":3004918,"date":"2022-05-05T07:56:04","date_gmt":"2022-05-05T07:56:04","guid":{"rendered":"https:\/\/wordpress-656761-2393041.cloudwaysapps.com\/spanish\/?page_id=3004918"},"modified":"2023-05-09T11:01:48","modified_gmt":"2023-05-09T11:01:48","slug":"homepage","status":"publish","type":"page","link":"https:\/\/casinohipster.com\/es\/","title":{"rendered":"Casino Hipster"},"content":{"rendered":"","protected":false},"excerpt":{"rendered":"","protected":false},"author":2055,"featured_media":3017606,"parent":0,"menu_order":0,"comment_status":"closed","ping_status":"closed","template":"homeclone-without-button-template.php","meta":[],"page_category":[],"yoast_head":"<!-- This site is optimized with the Yoast SEO plugin v20.1 - https:\/\/yoast.com\/wordpress\/plugins\/seo\/ -->\n<title>Hipster del Casino - Las Mejores Opiniones de Casinos, Bonos y Tiradas Gratis<\/title>\n<meta name=\"description\" content=\"Bienvenido a Hipster del Casino, la gu\u00eda de casinos m\u00e1s completa del mundo! Aqu\u00ed aprender\u00e1s sobre los mejores casinos, bonos, giros gratis, juegos populares y opiniones de jugadores reales en todo el planeta!\" \/>\n<meta name=\"robots\" content=\"index, follow, max-snippet:-1, max-image-preview:large, max-video-preview:-1\" \/>\n<link rel=\"canonical\" href=\"https:\/\/casinohipster.com\/es\/\" \/>\n<meta property=\"og:locale\" content=\"es_ES\" \/>\n<meta property=\"og:type\" content=\"article\" \/>\n<meta property=\"og:title\" content=\"Hipster del Casino - Las Mejores Opiniones de Casinos, Bonos y Tiradas Gratis\" \/>\n<meta property=\"og:description\" content=\"Bienvenido a Hipster del Casino, la gu\u00eda de casinos m\u00e1s completa del mundo! Aqu\u00ed aprender\u00e1s sobre los mejores casinos, bonos, giros gratis, juegos populares y opiniones de jugadores reales en todo el planeta!\" \/>\n<meta property=\"og:url\" content=\"https:\/\/casinohipster.com\/es\/\" \/>\n<meta property=\"og:site_name\" content=\"Casino Hipster - Latest Casino Reviews, Bonuses &amp; News\" \/>\n<meta property=\"article:modified_time\" content=\"2023-05-09T11:01:48+00:00\" \/>\n<meta property=\"og:image\" content=\"https:\/\/casinohipster.com\/es\/wp-content\/uploads\/sites\/4\/2023\/02\/ES-site-Homepage-2-1.jpg\" \/>\n\t<meta property=\"og:image:width\" content=\"1280\" \/>\n\t<meta property=\"og:image:height\" content=\"1017\" \/>\n\t<meta property=\"og:image:type\" content=\"image\/jpeg\" \/>\n<meta name=\"twitter:card\" content=\"summary_large_image\" \/>\n<script type=\"application\/ld+json\" class=\"yoast-schema-graph\">{\"@context\":\"https:\/\/schema.org\",\"@graph\":[{\"@type\":\"WebPage\",\"@id\":\"https:\/\/casinohipster.com\/es\/\",\"url\":\"https:\/\/casinohipster.com\/es\/\",\"name\":\"Hipster del Casino - Las Mejores Opiniones de Casinos, Bonos y Tiradas Gratis\",\"isPartOf\":{\"@id\":\"https:\/\/casinohipster.com\/es\/#website\"},\"datePublished\":\"2022-05-05T07:56:04+00:00\",\"dateModified\":\"2023-05-09T11:01:48+00:00\",\"description\":\"Bienvenido a Hipster del Casino, la gu\u00eda de casinos m\u00e1s completa del mundo! Aqu\u00ed aprender\u00e1s sobre los mejores casinos, bonos, giros gratis, juegos populares y opiniones de jugadores reales en todo el planeta!\",\"breadcrumb\":{\"@id\":\"https:\/\/casinohipster.com\/es\/#breadcrumb\"},\"inLanguage\":\"es\",\"potentialAction\":[{\"@type\":\"ReadAction\",\"target\":[\"https:\/\/casinohipster.com\/es\/\"]}]},{\"@type\":\"BreadcrumbList\",\"@id\":\"https:\/\/casinohipster.com\/es\/#breadcrumb\",\"itemListElement\":[{\"@type\":\"ListItem\",\"position\":1,\"name\":\"CasinoHipster\",\"item\":\"https:\/\/casinohipster.com\/es\/\"},{\"@type\":\"ListItem\",\"position\":2,\"name\":\"Casino Hipster\"}]},{\"@type\":\"WebSite\",\"@id\":\"https:\/\/casinohipster.com\/es\/#website\",\"url\":\"https:\/\/casinohipster.com\/es\/\",\"name\":\"Casino Hipster - Latest Casino Reviews, Bonuses &amp; News\",\"description\":\"\u00a1Descubre los mejores juegos de tragaperras online del %%currentyear%%% en mi sitio! Encuentra la emoci\u00f3n del juego desde la comodidad de tu casa.\",\"potentialAction\":[{\"@type\":\"SearchAction\",\"target\":{\"@type\":\"EntryPoint\",\"urlTemplate\":\"https:\/\/casinohipster.com\/es\/?s={search_term_string}\"},\"query-input\":\"required name=search_term_string\"}],\"inLanguage\":\"es\"}]}<\/script>\n<!-- \/ Yoast SEO plugin. -->","yoast_head_json":{"title":"Hipster del Casino - Las Mejores Opiniones de Casinos, Bonos y Tiradas Gratis","description":"Bienvenido a Hipster del Casino, la gu\u00eda de casinos m\u00e1s completa del mundo! Aqu\u00ed aprender\u00e1s sobre los mejores casinos, bonos, giros gratis, juegos populares y opiniones de jugadores reales en todo el planeta!","robots":{"index":"index","follow":"follow","max-snippet":"max-snippet:-1","max-image-preview":"max-image-preview:large","max-video-preview":"max-video-preview:-1"},"canonical":"https:\/\/casinohipster.com\/es\/","og_locale":"es_ES","og_type":"article","og_title":"Hipster del Casino - Las Mejores Opiniones de Casinos, Bonos y Tiradas Gratis","og_description":"Bienvenido a Hipster del Casino, la gu\u00eda de casinos m\u00e1s completa del mundo! Aqu\u00ed aprender\u00e1s sobre los mejores casinos, bonos, giros gratis, juegos populares y opiniones de jugadores reales en todo el planeta!","og_url":"https:\/\/casinohipster.com\/es\/","og_site_name":"Casino Hipster - Latest Casino Reviews, Bonuses &amp; News","article_modified_time":"2023-05-09T11:01:48+00:00","og_image":[{"width":1280,"height":1017,"url":"https:\/\/casinohipster.com\/es\/wp-content\/uploads\/sites\/4\/2023\/02\/ES-site-Homepage-2-1.jpg","type":"image\/jpeg"}],"twitter_card":"summary_large_image","schema":{"@context":"https:\/\/schema.org","@graph":[{"@type":"WebPage","@id":"https:\/\/casinohipster.com\/es\/","url":"https:\/\/casinohipster.com\/es\/","name":"Hipster del Casino - Las Mejores Opiniones de Casinos, Bonos y Tiradas Gratis","isPartOf":{"@id":"https:\/\/casinohipster.com\/es\/#website"},"datePublished":"2022-05-05T07:56:04+00:00","dateModified":"2023-05-09T11:01:48+00:00","description":"Bienvenido a Hipster del Casino, la gu\u00eda de casinos m\u00e1s completa del mundo! Aqu\u00ed aprender\u00e1s sobre los mejores casinos, bonos, giros gratis, juegos populares y opiniones de jugadores reales en todo el planeta!","breadcrumb":{"@id":"https:\/\/casinohipster.com\/es\/#breadcrumb"},"inLanguage":"es","potentialAction":[{"@type":"ReadAction","target":["https:\/\/casinohipster.com\/es\/"]}]},{"@type":"BreadcrumbList","@id":"https:\/\/casinohipster.com\/es\/#breadcrumb","itemListElement":[{"@type":"ListItem","position":1,"name":"CasinoHipster","item":"https:\/\/casinohipster.com\/es\/"},{"@type":"ListItem","position":2,"name":"Casino Hipster"}]},{"@type":"WebSite","@id":"https:\/\/casinohipster.com\/es\/#website","url":"https:\/\/casinohipster.com\/es\/","name":"Casino Hipster - Latest Casino Reviews, Bonuses &amp; News","description":"\u00a1Descubre los mejores juegos de tragaperras online del %%currentyear%%% en mi sitio! Encuentra la emoci\u00f3n del juego desde la comodidad de tu casa.","potentialAction":[{"@type":"SearchAction","target":{"@type":"EntryPoint","urlTemplate":"https:\/\/casinohipster.com\/es\/?s={search_term_string}"},"query-input":"required name=search_term_string"}],"inLanguage":"es"}]}},"acf":[],"_links":{"self":[{"href":"https:\/\/casinohipster.com\/es\/wp-json\/wp\/v2\/pages\/3004918"}],"collection":[{"href":"https:\/\/casinohipster.com\/es\/wp-json\/wp\/v2\/pages"}],"about":[{"href":"https:\/\/casinohipster.com\/es\/wp-json\/wp\/v2\/types\/page"}],"author":[{"embeddable":true,"href":"https:\/\/casinohipster.com\/es\/wp-json\/wp\/v2\/users\/2055"}],"replies":[{"embeddable":true,"href":"https:\/\/casinohipster.com\/es\/wp-json\/wp\/v2\/comments?post=3004918"}],"version-history":[{"count":60,"href":"https:\/\/casinohipster.com\/es\/wp-json\/wp\/v2\/pages\/3004918\/revisions"}],"predecessor-version":[{"id":3018132,"href":"https:\/\/casinohipster.com\/es\/wp-json\/wp\/v2\/pages\/3004918\/revisions\/3018132"}],"wp:featuredmedia":[{"embeddable":true,"href":"https:\/\/casinohipster.com\/es\/wp-json\/wp\/v2\/media\/3017606"}],"wp:attachment":[{"href":"https:\/\/casinohipster.com\/es\/wp-json\/wp\/v2\/media?parent=3004918"}],"wp:term":[{"taxonomy":"page_category","embeddable":true,"href":"https:\/\/casinohipster.com\/es\/wp-json\/wp\/v2\/page_category?post=3004918"}],"curies":[{"name":"wp","href":"https:\/\/api.w.org\/{rel}","templated":true}]}}