{"id":3012729,"date":"2022-06-09T09:59:14","date_gmt":"2022-06-09T09:59:14","guid":{"rendered":"https:\/\/wordpress-656761-2393041.cloudwaysapps.com\/deutsch\/?page_id=3012729"},"modified":"2023-05-05T12:33:35","modified_gmt":"2023-05-05T12:33:35","slug":"casinos-mit-schneller-auszahlung","status":"publish","type":"page","link":"https:\/\/casinohipster.com\/de\/casinos-mit-schneller-auszahlung\/","title":{"rendered":"Casinos f\u00fcr schnelle Auszahlungen"},"content":{"rendered":"","protected":false},"excerpt":{"rendered":"","protected":false},"author":2068,"featured_media":3004747,"parent":0,"menu_order":0,"comment_status":"closed","ping_status":"closed","template":"homeclone-without-button-template.php","meta":[],"page_category":[],"yoast_head":"<!-- This site is optimized with the Yoast SEO plugin v20.1 - https:\/\/yoast.com\/wordpress\/plugins\/seo\/ -->\n<title>TOP! Online Casinos mit schneller Auszahlung \/ Sofortauszahlung<\/title>\n<meta name=\"description\" content=\"M\u00f6chtest du deine Gewinne sofort auszahlen lassen? Erfahre mehr \u00fcber die besten Online Casinos mit den schnellsten Auszahlungen ohne Transaktionsgeb\u00fchren.\" \/>\n<meta name=\"robots\" content=\"index, follow, max-snippet:-1, max-image-preview:large, max-video-preview:-1\" \/>\n<link rel=\"canonical\" href=\"https:\/\/casinohipster.com\/de\/casinos-mit-schneller-auszahlung\/\" \/>\n<meta property=\"og:locale\" content=\"de_DE\" \/>\n<meta property=\"og:type\" content=\"article\" \/>\n<meta property=\"og:title\" content=\"TOP! Online Casinos mit schneller Auszahlung \/ Sofortauszahlung\" \/>\n<meta property=\"og:description\" content=\"M\u00f6chtest du deine Gewinne sofort auszahlen lassen? Erfahre mehr \u00fcber die besten Online Casinos mit den schnellsten Auszahlungen ohne Transaktionsgeb\u00fchren.\" \/>\n<meta property=\"og:url\" content=\"https:\/\/casinohipster.com\/de\/casinos-mit-schneller-auszahlung\/\" \/>\n<meta property=\"og:site_name\" content=\"Casino Hipster - Latest Casino Reviews, Bonuses &amp; News\" \/>\n<meta property=\"article:modified_time\" content=\"2023-05-05T12:33:35+00:00\" \/>\n<meta property=\"og:image\" content=\"https:\/\/casinohipster.com\/de\/wp-content\/uploads\/sites\/3\/2022\/05\/fast-withdrawal-casinos.png\" \/>\n\t<meta property=\"og:image:width\" content=\"400\" \/>\n\t<meta property=\"og:image:height\" content=\"400\" \/>\n\t<meta property=\"og:image:type\" content=\"image\/png\" \/>\n<meta name=\"twitter:card\" content=\"summary_large_image\" \/>\n<script type=\"application\/ld+json\" class=\"yoast-schema-graph\">{\"@context\":\"https:\/\/schema.org\",\"@graph\":[{\"@type\":\"WebPage\",\"@id\":\"https:\/\/casinohipster.com\/de\/casinos-mit-schneller-auszahlung\/\",\"url\":\"https:\/\/casinohipster.com\/de\/casinos-mit-schneller-auszahlung\/\",\"name\":\"TOP! Online Casinos mit schneller Auszahlung \/ Sofortauszahlung\",\"isPartOf\":{\"@id\":\"https:\/\/casinohipster.com\/de\/#website\"},\"datePublished\":\"2022-06-09T09:59:14+00:00\",\"dateModified\":\"2023-05-05T12:33:35+00:00\",\"description\":\"M\u00f6chtest du deine Gewinne sofort auszahlen lassen? Erfahre mehr \u00fcber die besten Online Casinos mit den schnellsten Auszahlungen ohne Transaktionsgeb\u00fchren.\",\"breadcrumb\":{\"@id\":\"https:\/\/casinohipster.com\/de\/casinos-mit-schneller-auszahlung\/#breadcrumb\"},\"inLanguage\":\"de\",\"potentialAction\":[{\"@type\":\"ReadAction\",\"target\":[\"https:\/\/casinohipster.com\/de\/casinos-mit-schneller-auszahlung\/\"]}]},{\"@type\":\"BreadcrumbList\",\"@id\":\"https:\/\/casinohipster.com\/de\/casinos-mit-schneller-auszahlung\/#breadcrumb\",\"itemListElement\":[{\"@type\":\"ListItem\",\"position\":1,\"name\":\"CasinoHipster\",\"item\":\"https:\/\/casinohipster.com\/de\/\"},{\"@type\":\"ListItem\",\"position\":2,\"name\":\"Casinos f\u00fcr schnelle Auszahlungen\"}]},{\"@type\":\"WebSite\",\"@id\":\"https:\/\/casinohipster.com\/de\/#website\",\"url\":\"https:\/\/casinohipster.com\/de\/\",\"name\":\"Casino Hipster - Latest Casino Reviews, Bonuses &amp; News\",\"description\":\"Slots online %%currentyear%%: Die besten Automaten f\u00fcr deine Gl\u00fccksspiel-Action! Finde jetzt dein Lieblingsspiel und spiele danach mit Profi-Tipps &amp; Bonus.\",\"potentialAction\":[{\"@type\":\"SearchAction\",\"target\":{\"@type\":\"EntryPoint\",\"urlTemplate\":\"https:\/\/casinohipster.com\/de\/?s={search_term_string}\"},\"query-input\":\"required name=search_term_string\"}],\"inLanguage\":\"de\"}]}<\/script>\n<!-- \/ Yoast SEO plugin. -->","yoast_head_json":{"title":"TOP! Online Casinos mit schneller Auszahlung \/ Sofortauszahlung","description":"M\u00f6chtest du deine Gewinne sofort auszahlen lassen? Erfahre mehr \u00fcber die besten Online Casinos mit den schnellsten Auszahlungen ohne Transaktionsgeb\u00fchren.","robots":{"index":"index","follow":"follow","max-snippet":"max-snippet:-1","max-image-preview":"max-image-preview:large","max-video-preview":"max-video-preview:-1"},"canonical":"https:\/\/casinohipster.com\/de\/casinos-mit-schneller-auszahlung\/","og_locale":"de_DE","og_type":"article","og_title":"TOP! Online Casinos mit schneller Auszahlung \/ Sofortauszahlung","og_description":"M\u00f6chtest du deine Gewinne sofort auszahlen lassen? Erfahre mehr \u00fcber die besten Online Casinos mit den schnellsten Auszahlungen ohne Transaktionsgeb\u00fchren.","og_url":"https:\/\/casinohipster.com\/de\/casinos-mit-schneller-auszahlung\/","og_site_name":"Casino Hipster - Latest Casino Reviews, Bonuses &amp; News","article_modified_time":"2023-05-05T12:33:35+00:00","og_image":[{"width":400,"height":400,"url":"https:\/\/casinohipster.com\/de\/wp-content\/uploads\/sites\/3\/2022\/05\/fast-withdrawal-casinos.png","type":"image\/png"}],"twitter_card":"summary_large_image","schema":{"@context":"https:\/\/schema.org","@graph":[{"@type":"WebPage","@id":"https:\/\/casinohipster.com\/de\/casinos-mit-schneller-auszahlung\/","url":"https:\/\/casinohipster.com\/de\/casinos-mit-schneller-auszahlung\/","name":"TOP! Online Casinos mit schneller Auszahlung \/ Sofortauszahlung","isPartOf":{"@id":"https:\/\/casinohipster.com\/de\/#website"},"datePublished":"2022-06-09T09:59:14+00:00","dateModified":"2023-05-05T12:33:35+00:00","description":"M\u00f6chtest du deine Gewinne sofort auszahlen lassen? Erfahre mehr \u00fcber die besten Online Casinos mit den schnellsten Auszahlungen ohne Transaktionsgeb\u00fchren.","breadcrumb":{"@id":"https:\/\/casinohipster.com\/de\/casinos-mit-schneller-auszahlung\/#breadcrumb"},"inLanguage":"de","potentialAction":[{"@type":"ReadAction","target":["https:\/\/casinohipster.com\/de\/casinos-mit-schneller-auszahlung\/"]}]},{"@type":"BreadcrumbList","@id":"https:\/\/casinohipster.com\/de\/casinos-mit-schneller-auszahlung\/#breadcrumb","itemListElement":[{"@type":"ListItem","position":1,"name":"CasinoHipster","item":"https:\/\/casinohipster.com\/de\/"},{"@type":"ListItem","position":2,"name":"Casinos f\u00fcr schnelle Auszahlungen"}]},{"@type":"WebSite","@id":"https:\/\/casinohipster.com\/de\/#website","url":"https:\/\/casinohipster.com\/de\/","name":"Casino Hipster - Latest Casino Reviews, Bonuses &amp; News","description":"Slots online %%currentyear%%: Die besten Automaten f\u00fcr deine Gl\u00fccksspiel-Action! Finde jetzt dein Lieblingsspiel und spiele danach mit Profi-Tipps &amp; Bonus.","potentialAction":[{"@type":"SearchAction","target":{"@type":"EntryPoint","urlTemplate":"https:\/\/casinohipster.com\/de\/?s={search_term_string}"},"query-input":"required name=search_term_string"}],"inLanguage":"de"}]}},"acf":[],"_links":{"self":[{"href":"https:\/\/casinohipster.com\/de\/wp-json\/wp\/v2\/pages\/3012729"}],"collection":[{"href":"https:\/\/casinohipster.com\/de\/wp-json\/wp\/v2\/pages"}],"about":[{"href":"https:\/\/casinohipster.com\/de\/wp-json\/wp\/v2\/types\/page"}],"author":[{"embeddable":true,"href":"https:\/\/casinohipster.com\/de\/wp-json\/wp\/v2\/users\/2068"}],"replies":[{"embeddable":true,"href":"https:\/\/casinohipster.com\/de\/wp-json\/wp\/v2\/comments?post=3012729"}],"version-history":[{"count":5,"href":"https:\/\/casinohipster.com\/de\/wp-json\/wp\/v2\/pages\/3012729\/revisions"}],"predecessor-version":[{"id":3018251,"href":"https:\/\/casinohipster.com\/de\/wp-json\/wp\/v2\/pages\/3012729\/revisions\/3018251"}],"wp:featuredmedia":[{"embeddable":true,"href":"https:\/\/casinohipster.com\/de\/wp-json\/wp\/v2\/media\/3004747"}],"wp:attachment":[{"href":"https:\/\/casinohipster.com\/de\/wp-json\/wp\/v2\/media?parent=3012729"}],"wp:term":[{"taxonomy":"page_category","embeddable":true,"href":"https:\/\/casinohipster.com\/de\/wp-json\/wp\/v2\/page_category?post=3012729"}],"curies":[{"name":"wp","href":"https:\/\/api.w.org\/{rel}","templated":true}]}}