{"id":3012684,"date":"2022-06-09T08:02:14","date_gmt":"2022-06-09T08:02:14","guid":{"rendered":"https:\/\/wordpress-656761-2393041.cloudwaysapps.com\/deutsch\/?page_id=3012684"},"modified":"2023-05-03T08:03:46","modified_gmt":"2023-05-03T08:03:46","slug":"online-casinos","status":"publish","type":"page","link":"https:\/\/casinohipster.com\/de\/online-casinos\/","title":{"rendered":"Online Casinos"},"content":{"rendered":"","protected":false},"excerpt":{"rendered":"","protected":false},"author":2064,"featured_media":3004844,"parent":0,"menu_order":0,"comment_status":"closed","ping_status":"closed","template":"homeclone-without-button-template.php","meta":[],"page_category":[],"yoast_head":"<!-- This site is optimized with the Yoast SEO plugin v20.1 - https:\/\/yoast.com\/wordpress\/plugins\/seo\/ -->\n<title>Die h\u00f6chstbezahlten neuen, besten Echtgeld Online Casinos!<\/title>\n<meta name=\"description\" content=\"Werfen wir einen Blick auf die am h\u00f6chsten zahlenden TOP! seri\u00f6sen Online Casinos Deutschland! Maximiere deine Gewinne in einer sicheren Umgebung. Mache schnelle Auszahlungen in den besten Echtgeld Online Casinos!\" \/>\n<meta name=\"robots\" content=\"index, follow, max-snippet:-1, max-image-preview:large, max-video-preview:-1\" \/>\n<link rel=\"canonical\" href=\"https:\/\/casinohipster.com\/de\/online-casinos\/\" \/>\n<meta property=\"og:locale\" content=\"de_DE\" \/>\n<meta property=\"og:type\" content=\"article\" \/>\n<meta property=\"og:title\" content=\"Die h\u00f6chstbezahlten neuen, besten Echtgeld Online Casinos!\" \/>\n<meta property=\"og:description\" content=\"Werfen wir einen Blick auf die am h\u00f6chsten zahlenden TOP! seri\u00f6sen Online Casinos Deutschland! Maximiere deine Gewinne in einer sicheren Umgebung. Mache schnelle Auszahlungen in den besten Echtgeld Online Casinos!\" \/>\n<meta property=\"og:url\" content=\"https:\/\/casinohipster.com\/de\/online-casinos\/\" \/>\n<meta property=\"og:site_name\" content=\"Casino Hipster - Latest Casino Reviews, Bonuses &amp; News\" \/>\n<meta property=\"article:modified_time\" content=\"2023-05-03T08:03:46+00:00\" \/>\n<meta property=\"og:image\" content=\"https:\/\/casinohipster.com\/de\/wp-content\/uploads\/sites\/3\/2022\/05\/online-casinos-373x372-1.png\" \/>\n\t<meta property=\"og:image:width\" content=\"373\" \/>\n\t<meta property=\"og:image:height\" content=\"372\" \/>\n\t<meta property=\"og:image:type\" content=\"image\/png\" \/>\n<meta name=\"twitter:card\" content=\"summary_large_image\" \/>\n<script type=\"application\/ld+json\" class=\"yoast-schema-graph\">{\"@context\":\"https:\/\/schema.org\",\"@graph\":[{\"@type\":\"WebPage\",\"@id\":\"https:\/\/casinohipster.com\/de\/online-casinos\/\",\"url\":\"https:\/\/casinohipster.com\/de\/online-casinos\/\",\"name\":\"Die h\u00f6chstbezahlten neuen, besten Echtgeld Online Casinos!\",\"isPartOf\":{\"@id\":\"https:\/\/casinohipster.com\/de\/#website\"},\"datePublished\":\"2022-06-09T08:02:14+00:00\",\"dateModified\":\"2023-05-03T08:03:46+00:00\",\"description\":\"Werfen wir einen Blick auf die am h\u00f6chsten zahlenden TOP! seri\u00f6sen Online Casinos Deutschland! Maximiere deine Gewinne in einer sicheren Umgebung. Mache schnelle Auszahlungen in den besten Echtgeld Online Casinos!\",\"breadcrumb\":{\"@id\":\"https:\/\/casinohipster.com\/de\/online-casinos\/#breadcrumb\"},\"inLanguage\":\"de\",\"potentialAction\":[{\"@type\":\"ReadAction\",\"target\":[\"https:\/\/casinohipster.com\/de\/online-casinos\/\"]}]},{\"@type\":\"BreadcrumbList\",\"@id\":\"https:\/\/casinohipster.com\/de\/online-casinos\/#breadcrumb\",\"itemListElement\":[{\"@type\":\"ListItem\",\"position\":1,\"name\":\"CasinoHipster\",\"item\":\"https:\/\/casinohipster.com\/de\/\"},{\"@type\":\"ListItem\",\"position\":2,\"name\":\"Online Casinos\"}]},{\"@type\":\"WebSite\",\"@id\":\"https:\/\/casinohipster.com\/de\/#website\",\"url\":\"https:\/\/casinohipster.com\/de\/\",\"name\":\"Casino Hipster - Latest Casino Reviews, Bonuses &amp; News\",\"description\":\"Slots online %%currentyear%%: Die besten Automaten f\u00fcr deine Gl\u00fccksspiel-Action! Finde jetzt dein Lieblingsspiel und spiele danach mit Profi-Tipps &amp; Bonus.\",\"potentialAction\":[{\"@type\":\"SearchAction\",\"target\":{\"@type\":\"EntryPoint\",\"urlTemplate\":\"https:\/\/casinohipster.com\/de\/?s={search_term_string}\"},\"query-input\":\"required name=search_term_string\"}],\"inLanguage\":\"de\"}]}<\/script>\n<!-- \/ Yoast SEO plugin. -->","yoast_head_json":{"title":"Die h\u00f6chstbezahlten neuen, besten Echtgeld Online Casinos!","description":"Werfen wir einen Blick auf die am h\u00f6chsten zahlenden TOP! seri\u00f6sen Online Casinos Deutschland! Maximiere deine Gewinne in einer sicheren Umgebung. Mache schnelle Auszahlungen in den besten Echtgeld Online Casinos!","robots":{"index":"index","follow":"follow","max-snippet":"max-snippet:-1","max-image-preview":"max-image-preview:large","max-video-preview":"max-video-preview:-1"},"canonical":"https:\/\/casinohipster.com\/de\/online-casinos\/","og_locale":"de_DE","og_type":"article","og_title":"Die h\u00f6chstbezahlten neuen, besten Echtgeld Online Casinos!","og_description":"Werfen wir einen Blick auf die am h\u00f6chsten zahlenden TOP! seri\u00f6sen Online Casinos Deutschland! Maximiere deine Gewinne in einer sicheren Umgebung. Mache schnelle Auszahlungen in den besten Echtgeld Online Casinos!","og_url":"https:\/\/casinohipster.com\/de\/online-casinos\/","og_site_name":"Casino Hipster - Latest Casino Reviews, Bonuses &amp; News","article_modified_time":"2023-05-03T08:03:46+00:00","og_image":[{"width":373,"height":372,"url":"https:\/\/casinohipster.com\/de\/wp-content\/uploads\/sites\/3\/2022\/05\/online-casinos-373x372-1.png","type":"image\/png"}],"twitter_card":"summary_large_image","schema":{"@context":"https:\/\/schema.org","@graph":[{"@type":"WebPage","@id":"https:\/\/casinohipster.com\/de\/online-casinos\/","url":"https:\/\/casinohipster.com\/de\/online-casinos\/","name":"Die h\u00f6chstbezahlten neuen, besten Echtgeld Online Casinos!","isPartOf":{"@id":"https:\/\/casinohipster.com\/de\/#website"},"datePublished":"2022-06-09T08:02:14+00:00","dateModified":"2023-05-03T08:03:46+00:00","description":"Werfen wir einen Blick auf die am h\u00f6chsten zahlenden TOP! seri\u00f6sen Online Casinos Deutschland! Maximiere deine Gewinne in einer sicheren Umgebung. Mache schnelle Auszahlungen in den besten Echtgeld Online Casinos!","breadcrumb":{"@id":"https:\/\/casinohipster.com\/de\/online-casinos\/#breadcrumb"},"inLanguage":"de","potentialAction":[{"@type":"ReadAction","target":["https:\/\/casinohipster.com\/de\/online-casinos\/"]}]},{"@type":"BreadcrumbList","@id":"https:\/\/casinohipster.com\/de\/online-casinos\/#breadcrumb","itemListElement":[{"@type":"ListItem","position":1,"name":"CasinoHipster","item":"https:\/\/casinohipster.com\/de\/"},{"@type":"ListItem","position":2,"name":"Online Casinos"}]},{"@type":"WebSite","@id":"https:\/\/casinohipster.com\/de\/#website","url":"https:\/\/casinohipster.com\/de\/","name":"Casino Hipster - Latest Casino Reviews, Bonuses &amp; News","description":"Slots online %%currentyear%%: Die besten Automaten f\u00fcr deine Gl\u00fccksspiel-Action! Finde jetzt dein Lieblingsspiel und spiele danach mit Profi-Tipps &amp; Bonus.","potentialAction":[{"@type":"SearchAction","target":{"@type":"EntryPoint","urlTemplate":"https:\/\/casinohipster.com\/de\/?s={search_term_string}"},"query-input":"required name=search_term_string"}],"inLanguage":"de"}]}},"acf":[],"_links":{"self":[{"href":"https:\/\/casinohipster.com\/de\/wp-json\/wp\/v2\/pages\/3012684"}],"collection":[{"href":"https:\/\/casinohipster.com\/de\/wp-json\/wp\/v2\/pages"}],"about":[{"href":"https:\/\/casinohipster.com\/de\/wp-json\/wp\/v2\/types\/page"}],"author":[{"embeddable":true,"href":"https:\/\/casinohipster.com\/de\/wp-json\/wp\/v2\/users\/2064"}],"replies":[{"embeddable":true,"href":"https:\/\/casinohipster.com\/de\/wp-json\/wp\/v2\/comments?post=3012684"}],"version-history":[{"count":7,"href":"https:\/\/casinohipster.com\/de\/wp-json\/wp\/v2\/pages\/3012684\/revisions"}],"predecessor-version":[{"id":3018186,"href":"https:\/\/casinohipster.com\/de\/wp-json\/wp\/v2\/pages\/3012684\/revisions\/3018186"}],"wp:featuredmedia":[{"embeddable":true,"href":"https:\/\/casinohipster.com\/de\/wp-json\/wp\/v2\/media\/3004844"}],"wp:attachment":[{"href":"https:\/\/casinohipster.com\/de\/wp-json\/wp\/v2\/media?parent=3012684"}],"wp:term":[{"taxonomy":"page_category","embeddable":true,"href":"https:\/\/casinohipster.com\/de\/wp-json\/wp\/v2\/page_category?post=3012684"}],"curies":[{"name":"wp","href":"https:\/\/api.w.org\/{rel}","templated":true}]}}