{"id":3012679,"date":"2022-06-09T07:49:06","date_gmt":"2022-06-09T07:49:06","guid":{"rendered":"https:\/\/wordpress-656761-2393041.cloudwaysapps.com\/deutsch\/?page_id=3012679"},"modified":"2023-04-26T10:24:47","modified_gmt":"2023-04-26T10:24:47","slug":"bitcoin-casinos","status":"publish","type":"page","link":"https:\/\/casinohipster.com\/de\/bitcoin-casinos\/","title":{"rendered":"Bitcoin Casinos"},"content":{"rendered":"","protected":false},"excerpt":{"rendered":"","protected":false},"author":2068,"featured_media":0,"parent":0,"menu_order":0,"comment_status":"closed","ping_status":"closed","template":"homeclone-without-button-template.php","meta":[],"page_category":[],"yoast_head":"<!-- This site is optimized with the Yoast SEO plugin v20.1 - https:\/\/yoast.com\/wordpress\/plugins\/seo\/ -->\n<title>Beliebte Casinoliste mit Kryptow\u00e4hrungen in den besten Bitcoin Casinos!<\/title>\n<meta name=\"description\" content=\"Bist du auf der Suche nach den besten Casinos mit Kryptow\u00e4hrungen? Entdecke jetzt meinen ultimativen Leitfaden, einschlie\u00dflich der beliebten Bitcoin Casinos online.\" \/>\n<meta name=\"robots\" content=\"index, follow, max-snippet:-1, max-image-preview:large, max-video-preview:-1\" \/>\n<link rel=\"canonical\" href=\"https:\/\/casinohipster.com\/de\/bitcoin-casinos\/\" \/>\n<meta property=\"og:locale\" content=\"de_DE\" \/>\n<meta property=\"og:type\" content=\"article\" \/>\n<meta property=\"og:title\" content=\"Beliebte Casinoliste mit Kryptow\u00e4hrungen in den besten Bitcoin Casinos!\" \/>\n<meta property=\"og:description\" content=\"Bist du auf der Suche nach den besten Casinos mit Kryptow\u00e4hrungen? Entdecke jetzt meinen ultimativen Leitfaden, einschlie\u00dflich der beliebten Bitcoin Casinos online.\" \/>\n<meta property=\"og:url\" content=\"https:\/\/casinohipster.com\/de\/bitcoin-casinos\/\" \/>\n<meta property=\"og:site_name\" content=\"Casino Hipster - Latest Casino Reviews, Bonuses &amp; News\" \/>\n<meta property=\"article:modified_time\" content=\"2023-04-26T10:24:47+00:00\" \/>\n<meta name=\"twitter:card\" content=\"summary_large_image\" \/>\n<script type=\"application\/ld+json\" class=\"yoast-schema-graph\">{\"@context\":\"https:\/\/schema.org\",\"@graph\":[{\"@type\":\"WebPage\",\"@id\":\"https:\/\/casinohipster.com\/de\/bitcoin-casinos\/\",\"url\":\"https:\/\/casinohipster.com\/de\/bitcoin-casinos\/\",\"name\":\"Beliebte Casinoliste mit Kryptow\u00e4hrungen in den besten Bitcoin Casinos!\",\"isPartOf\":{\"@id\":\"https:\/\/casinohipster.com\/de\/#website\"},\"datePublished\":\"2022-06-09T07:49:06+00:00\",\"dateModified\":\"2023-04-26T10:24:47+00:00\",\"description\":\"Bist du auf der Suche nach den besten Casinos mit Kryptow\u00e4hrungen? Entdecke jetzt meinen ultimativen Leitfaden, einschlie\u00dflich der beliebten Bitcoin Casinos online.\",\"breadcrumb\":{\"@id\":\"https:\/\/casinohipster.com\/de\/bitcoin-casinos\/#breadcrumb\"},\"inLanguage\":\"de\",\"potentialAction\":[{\"@type\":\"ReadAction\",\"target\":[\"https:\/\/casinohipster.com\/de\/bitcoin-casinos\/\"]}]},{\"@type\":\"BreadcrumbList\",\"@id\":\"https:\/\/casinohipster.com\/de\/bitcoin-casinos\/#breadcrumb\",\"itemListElement\":[{\"@type\":\"ListItem\",\"position\":1,\"name\":\"CasinoHipster\",\"item\":\"https:\/\/casinohipster.com\/de\/\"},{\"@type\":\"ListItem\",\"position\":2,\"name\":\"Bitcoin Casinos\"}]},{\"@type\":\"WebSite\",\"@id\":\"https:\/\/casinohipster.com\/de\/#website\",\"url\":\"https:\/\/casinohipster.com\/de\/\",\"name\":\"Casino Hipster - Latest Casino Reviews, Bonuses &amp; News\",\"description\":\"Slots online %%currentyear%%: Die besten Automaten f\u00fcr deine Gl\u00fccksspiel-Action! Finde jetzt dein Lieblingsspiel und spiele danach mit Profi-Tipps &amp; Bonus.\",\"potentialAction\":[{\"@type\":\"SearchAction\",\"target\":{\"@type\":\"EntryPoint\",\"urlTemplate\":\"https:\/\/casinohipster.com\/de\/?s={search_term_string}\"},\"query-input\":\"required name=search_term_string\"}],\"inLanguage\":\"de\"}]}<\/script>\n<!-- \/ Yoast SEO plugin. -->","yoast_head_json":{"title":"Beliebte Casinoliste mit Kryptow\u00e4hrungen in den besten Bitcoin Casinos!","description":"Bist du auf der Suche nach den besten Casinos mit Kryptow\u00e4hrungen? Entdecke jetzt meinen ultimativen Leitfaden, einschlie\u00dflich der beliebten Bitcoin Casinos online.","robots":{"index":"index","follow":"follow","max-snippet":"max-snippet:-1","max-image-preview":"max-image-preview:large","max-video-preview":"max-video-preview:-1"},"canonical":"https:\/\/casinohipster.com\/de\/bitcoin-casinos\/","og_locale":"de_DE","og_type":"article","og_title":"Beliebte Casinoliste mit Kryptow\u00e4hrungen in den besten Bitcoin Casinos!","og_description":"Bist du auf der Suche nach den besten Casinos mit Kryptow\u00e4hrungen? Entdecke jetzt meinen ultimativen Leitfaden, einschlie\u00dflich der beliebten Bitcoin Casinos online.","og_url":"https:\/\/casinohipster.com\/de\/bitcoin-casinos\/","og_site_name":"Casino Hipster - Latest Casino Reviews, Bonuses &amp; News","article_modified_time":"2023-04-26T10:24:47+00:00","twitter_card":"summary_large_image","schema":{"@context":"https:\/\/schema.org","@graph":[{"@type":"WebPage","@id":"https:\/\/casinohipster.com\/de\/bitcoin-casinos\/","url":"https:\/\/casinohipster.com\/de\/bitcoin-casinos\/","name":"Beliebte Casinoliste mit Kryptow\u00e4hrungen in den besten Bitcoin Casinos!","isPartOf":{"@id":"https:\/\/casinohipster.com\/de\/#website"},"datePublished":"2022-06-09T07:49:06+00:00","dateModified":"2023-04-26T10:24:47+00:00","description":"Bist du auf der Suche nach den besten Casinos mit Kryptow\u00e4hrungen? Entdecke jetzt meinen ultimativen Leitfaden, einschlie\u00dflich der beliebten Bitcoin Casinos online.","breadcrumb":{"@id":"https:\/\/casinohipster.com\/de\/bitcoin-casinos\/#breadcrumb"},"inLanguage":"de","potentialAction":[{"@type":"ReadAction","target":["https:\/\/casinohipster.com\/de\/bitcoin-casinos\/"]}]},{"@type":"BreadcrumbList","@id":"https:\/\/casinohipster.com\/de\/bitcoin-casinos\/#breadcrumb","itemListElement":[{"@type":"ListItem","position":1,"name":"CasinoHipster","item":"https:\/\/casinohipster.com\/de\/"},{"@type":"ListItem","position":2,"name":"Bitcoin Casinos"}]},{"@type":"WebSite","@id":"https:\/\/casinohipster.com\/de\/#website","url":"https:\/\/casinohipster.com\/de\/","name":"Casino Hipster - Latest Casino Reviews, Bonuses &amp; News","description":"Slots online %%currentyear%%: Die besten Automaten f\u00fcr deine Gl\u00fccksspiel-Action! Finde jetzt dein Lieblingsspiel und spiele danach mit Profi-Tipps &amp; Bonus.","potentialAction":[{"@type":"SearchAction","target":{"@type":"EntryPoint","urlTemplate":"https:\/\/casinohipster.com\/de\/?s={search_term_string}"},"query-input":"required name=search_term_string"}],"inLanguage":"de"}]}},"acf":[],"_links":{"self":[{"href":"https:\/\/casinohipster.com\/de\/wp-json\/wp\/v2\/pages\/3012679"}],"collection":[{"href":"https:\/\/casinohipster.com\/de\/wp-json\/wp\/v2\/pages"}],"about":[{"href":"https:\/\/casinohipster.com\/de\/wp-json\/wp\/v2\/types\/page"}],"author":[{"embeddable":true,"href":"https:\/\/casinohipster.com\/de\/wp-json\/wp\/v2\/users\/2068"}],"replies":[{"embeddable":true,"href":"https:\/\/casinohipster.com\/de\/wp-json\/wp\/v2\/comments?post=3012679"}],"version-history":[{"count":9,"href":"https:\/\/casinohipster.com\/de\/wp-json\/wp\/v2\/pages\/3012679\/revisions"}],"predecessor-version":[{"id":3018034,"href":"https:\/\/casinohipster.com\/de\/wp-json\/wp\/v2\/pages\/3012679\/revisions\/3018034"}],"wp:attachment":[{"href":"https:\/\/casinohipster.com\/de\/wp-json\/wp\/v2\/media?parent=3012679"}],"wp:term":[{"taxonomy":"page_category","embeddable":true,"href":"https:\/\/casinohipster.com\/de\/wp-json\/wp\/v2\/page_category?post=3012679"}],"curies":[{"name":"wp","href":"https:\/\/api.w.org\/{rel}","templated":true}]}}